{"id":931,"date":"2021-04-20T12:10:21","date_gmt":"2021-04-20T09:10:21","guid":{"rendered":"https:\/\/vilkuva.lt\/cms\/?page_id=931"},"modified":"2022-01-07T14:54:17","modified_gmt":"2022-01-07T11:54:17","slug":"atnaujinamas-modernizuojamas-daugiabutis-statybininku-g-4-vilkaviskis","status":"publish","type":"page","link":"https:\/\/vilkuva.lt\/cms\/index.php\/renovacija-atnaujinimas\/85-2\/atnaujinamas-modernizuojamas-daugiabutis-statybininku-g-4-vilkaviskis\/","title":{"rendered":"Atnaujinamas (modernizuojamas) daugiabutis Statybinink\u0173 g. 4, Vilkavi\u0161kis"},"content":{"rendered":"<p><span style=\"color: #3366ff;\"><a style=\"color: #3366ff;\" href=\"http:\/\/www.vilkuva.lt\/cms\/IP8\/IP_Statybininku_4_rengiamas.pdf\"><strong>Investicij\u0173 planas<\/strong><\/a><span style=\"color: #000000;\"><em>\u00a0<\/em><\/span><\/span><\/p>\n<p>&nbsp;<\/p>\n<p>2021 gegu\u017e\u0117s 31 dien\u0105 baig\u0117si but\u0173 ir kit\u0173 patalp\u0173 savinink\u0173 balsavimas ra\u0161tu d\u0117l namo atnaujinimo (modernizavimo) Investicij\u0173 plano tvirtinimo ir namo atnaujinimo (modernizavimo) projekto rengimo ir \u012fgyvendinimo s\u0105lyg\u0173 bei lengvatin\u0117s paskolos sutarties su banku s\u0105lyg\u0173.<\/p>\n<p>Balsavimo rezultatai (Investicij\u0173 plano priemoni\u0173 paketas A):<\/p>\n<p>Sprendimui pritariu :\u00a0 62,00 proc.;<\/p>\n<p>Nuspr\u0119sta: pritarti si\u016blomiems sprendimams.<\/p>\n<p>Investicij\u0173 planas ir Parai\u0161ka pateikti V\u0161\u012e \u2018B\u016bsto energijos taupymo agent\u016bra\u201c vertinimui, agent\u016bra <span style=\"color: #333333;\">pateikt\u0105 Investicij\u0173 plan\u0105 ir Parai\u0161k\u0105 \u012fvertino teigiamai bei patvirtino. Laukiama LR aplinkos ministro 2020 m. liepos 01 d. \u012fsakymu Nr. D1-405 paskelbto Kvietimo teikti parai\u0161kas daugiabu\u010diams namams atnaujinti (modernizuoti) finansuojam\u0173 (atnaujinimo) modernizavimo projekt\u0173 s\u0105ra\u0161o paskelbimo bei Valstyb\u0117s paramos daugiabu\u010diams namams atnaujinti (modernizuoti) teikimo sutarties su agent\u016bra pasira\u0161ymo. Pasira\u0161ius valstyb\u0117s paramos teikimo sutart\u012f d\u0117l namo (atnaujinimo) modernizavimo bus vykdomos tolimesn\u0117s teis\u0117s aktais nustatytos (atnaujinimo) modernizavimo \u012fgyvendinimo proced\u016bros &#8211; vykdomi techninio darbo projekto parengimo ir statybos rangos konkursai, rengiamas (atnaujinimo) modernizavimo techninis darbo projektas, atliekama projekto ekspertiz\u0117, gaunamas statyb\u0105 leid\u017eiantis dokumentas, vykdomi statybos rangos darbai<\/span>;<\/p>\n<p>&nbsp;<\/p>\n","protected":false},"excerpt":{"rendered":"<p>Investicij\u0173 planas\u00a0 &nbsp; 2021 gegu\u017e\u0117s 31 dien\u0105 baig\u0117si but\u0173 ir kit\u0173 patalp\u0173 savinink\u0173 balsavimas ra\u0161tu d\u0117l namo atnaujinimo (modernizavimo) Investicij\u0173 plano tvirtinimo ir namo atnaujinimo (modernizavimo) projekto rengimo ir \u012fgyvendinimo s\u0105lyg\u0173 bei lengvatin\u0117s paskolos sutarties su banku s\u0105lyg\u0173. Balsavimo rezultatai (Investicij\u0173 plano priemoni\u0173 paketas A): Sprendimui pritariu :\u00a0 62,00 proc.; Nuspr\u0119sta: pritarti si\u016blomiems sprendimams. Investicij\u0173\u2026 <span class=\"read-more\"><a href=\"https:\/\/vilkuva.lt\/cms\/index.php\/renovacija-atnaujinimas\/85-2\/atnaujinamas-modernizuojamas-daugiabutis-statybininku-g-4-vilkaviskis\/\">Skaityti toliau &raquo;<\/a><\/span><\/p>\n","protected":false},"author":1,"featured_media":0,"parent":85,"menu_order":0,"comment_status":"closed","ping_status":"closed","template":"page-templates\/full-width.php","meta":[],"_links":{"self":[{"href":"https:\/\/vilkuva.lt\/cms\/index.php\/wp-json\/wp\/v2\/pages\/931"}],"collection":[{"href":"https:\/\/vilkuva.lt\/cms\/index.php\/wp-json\/wp\/v2\/pages"}],"about":[{"href":"https:\/\/vilkuva.lt\/cms\/index.php\/wp-json\/wp\/v2\/types\/page"}],"author":[{"embeddable":true,"href":"https:\/\/vilkuva.lt\/cms\/index.php\/wp-json\/wp\/v2\/users\/1"}],"replies":[{"embeddable":true,"href":"https:\/\/vilkuva.lt\/cms\/index.php\/wp-json\/wp\/v2\/comments?post=931"}],"version-history":[{"count":5,"href":"https:\/\/vilkuva.lt\/cms\/index.php\/wp-json\/wp\/v2\/pages\/931\/revisions"}],"predecessor-version":[{"id":1036,"href":"https:\/\/vilkuva.lt\/cms\/index.php\/wp-json\/wp\/v2\/pages\/931\/revisions\/1036"}],"up":[{"embeddable":true,"href":"https:\/\/vilkuva.lt\/cms\/index.php\/wp-json\/wp\/v2\/pages\/85"}],"wp:attachment":[{"href":"https:\/\/vilkuva.lt\/cms\/index.php\/wp-json\/wp\/v2\/media?parent=931"}],"curies":[{"name":"wp","href":"https:\/\/api.w.org\/{rel}","templated":true}]}}