{"id":551,"date":"2019-12-02T13:42:53","date_gmt":"2019-12-02T10:42:53","guid":{"rendered":"http:\/\/vilkuva.lt\/cms\/?page_id=551"},"modified":"2026-02-19T13:52:51","modified_gmt":"2026-02-19T10:52:51","slug":"atnaujinamas-modernizuojamas-daugiabutis-vysk-a-karoso-g-11-vilkaviskis","status":"publish","type":"page","link":"https:\/\/vilkuva.lt\/cms\/index.php\/renovacija-atnaujinimas\/85-2\/atnaujinamas-modernizuojamas-daugiabutis-vysk-a-karoso-g-11-vilkaviskis\/","title":{"rendered":"Atnaujinamas (modernizuojamas) daugiabutis Vysk. A.Karoso g. 11, Vilkavi\u0161kis"},"content":{"rendered":"<p>&nbsp;<\/p>\n<p><u><a href=\"http:\/\/www.vilkuva.lt\/cms\/IP4\/IP_Karoso_11.pdf\">Investicij\u0173 planas<\/a><\/u><\/p>\n<p><span style=\"color: #ff0000;\"><strong><u><a style=\"color: #ff0000;\" href=\"http:\/\/www.vilkuva.lt\/cms\/IP7\/Karoso_11_TDP_rengiamas.rar\">Techninis darbo projektas &#8211; rengiamas<\/a><\/u><\/strong><\/span>\u00a0(<em>rar formatu<\/em>)<\/p>\n<p>&nbsp;<\/p>\n<p>Namo but\u0173 ir kit\u0173 patalp\u0173 savininkai pasirinko namo atnaujinimo (modernizavimo) investicij\u0173 plano priemoni\u0173 A variant\u0105, ta\u010diau 2019 sausio 29 dienos susirinkime nepatvirtino (nepakankamas pritarian\u010di\u0173 skai\u010dius) namo atnaujinimo (modernizavimo) investicij\u0173 plano. Pritarian\u010di\u0173 namo atnaujinimui (modernizavimui) but\u0173 ir kit\u0173 patalp\u0173 savinink\u0173 skai\u010dius \u2013 48 proc. (minimalus b\u016btinas pritarian\u010di\u0173 but\u0173 ir kit\u0173 patalp\u0173 savinink\u0173 skai\u010dius turi b\u016bti ne ma\u017eesnis kaip 55 proc.). Namas pagal LR Aplinkos ministerijos nustatyt\u0105 tvark\u0105 negal\u0117jo dalyvauti daugiabu\u010di\u0173 nam\u0173 atnaujinimo (modernizavimo) programoje.<\/p>\n<p>2019 rugs\u0117jo 24 dien\u0105 namo but\u0173 ir kit\u0173 patalp\u0173 savininkai pasirinko namo atnaujinimo (modernizavimo) investicij\u0173 plano priemoni\u0173 A variant\u0105 ir patvirtino namo atnaujinimo (modernizavimo) investicij\u0173 plan\u0105. Pritarian\u010di\u0173 namo atnaujinimui (modernizavimui) but\u0173 ir kit\u0173 patalp\u0173 savinink\u0173 skai\u010dius \u2013 69 proc.<\/p>\n<p>Investicij\u0173 planas ir Parai\u0161ka pateikti V\u0161\u012e \u2018B\u016bsto energijos taupymo agent\u016bra\u201c vertinimui \u2013 agent\u016bra pri\u0117m\u0117 sprendim\u0105, kad Investicij\u0173 planas parengtas tinkamai ir namo atnaujinimas (modernizavimas) gali b\u016bti \u012fgyvendinamas;<\/p>\n<p>Namas \u012ftrauktas \u012f LR aplinkos ministro 2019 m. rugpj\u016b\u010dio 14 d. \u012fsakymu Nr. D1-487 paskelbto Kvietimo teikti parai\u0161kas daugiabu\u010diams namams atnaujinti (modernizuoti) \u00a0 sudaryt\u0105 finansuojam\u0173 (atnaujinimo) modernizavimo projekt\u0173 s\u0105ra\u0161\u0105;<\/p>\n<p>Su V\u0161\u012e \u2018B\u016bsto energijos taupymo agent\u016bra\u201c yra pasira\u0161yta valstyb\u0117s paramos teikimo sutartis d\u0117l namo (atnaujinimo) modernizavimo bei vykdomos tolimesn\u0117s teis\u0117s aktais nustatytos (atnaujinimo) modernizavimo \u012fgyvendinimo proced\u016bros &#8211; rengiamas (atnaujinimo) modernizavimo techninis darbo projektas (UAB &#8222;Projekt\u0173 ekspertai), projektiniai sprendiniai derinami su Kult\u016bros paveldo departamentu prie LR Kult\u016bros ministerijos;<\/p>\n<p>&nbsp;<\/p>\n","protected":false},"excerpt":{"rendered":"<p>&nbsp; Investicij\u0173 planas Techninis darbo projektas &#8211; rengiamas\u00a0(rar formatu) &nbsp; Namo but\u0173 ir kit\u0173 patalp\u0173 savininkai pasirinko namo atnaujinimo (modernizavimo) investicij\u0173 plano priemoni\u0173 A variant\u0105, ta\u010diau 2019 sausio 29 dienos susirinkime nepatvirtino (nepakankamas pritarian\u010di\u0173 skai\u010dius) namo atnaujinimo (modernizavimo) investicij\u0173 plano. Pritarian\u010di\u0173 namo atnaujinimui (modernizavimui) but\u0173 ir kit\u0173 patalp\u0173 savinink\u0173 skai\u010dius \u2013 48 proc. (minimalus b\u016btinas\u2026 <span class=\"read-more\"><a href=\"https:\/\/vilkuva.lt\/cms\/index.php\/renovacija-atnaujinimas\/85-2\/atnaujinamas-modernizuojamas-daugiabutis-vysk-a-karoso-g-11-vilkaviskis\/\">Skaityti toliau &raquo;<\/a><\/span><\/p>\n","protected":false},"author":1,"featured_media":0,"parent":85,"menu_order":0,"comment_status":"closed","ping_status":"closed","template":"page-templates\/full-width.php","meta":[],"_links":{"self":[{"href":"https:\/\/vilkuva.lt\/cms\/index.php\/wp-json\/wp\/v2\/pages\/551"}],"collection":[{"href":"https:\/\/vilkuva.lt\/cms\/index.php\/wp-json\/wp\/v2\/pages"}],"about":[{"href":"https:\/\/vilkuva.lt\/cms\/index.php\/wp-json\/wp\/v2\/types\/page"}],"author":[{"embeddable":true,"href":"https:\/\/vilkuva.lt\/cms\/index.php\/wp-json\/wp\/v2\/users\/1"}],"replies":[{"embeddable":true,"href":"https:\/\/vilkuva.lt\/cms\/index.php\/wp-json\/wp\/v2\/comments?post=551"}],"version-history":[{"count":7,"href":"https:\/\/vilkuva.lt\/cms\/index.php\/wp-json\/wp\/v2\/pages\/551\/revisions"}],"predecessor-version":[{"id":1201,"href":"https:\/\/vilkuva.lt\/cms\/index.php\/wp-json\/wp\/v2\/pages\/551\/revisions\/1201"}],"up":[{"embeddable":true,"href":"https:\/\/vilkuva.lt\/cms\/index.php\/wp-json\/wp\/v2\/pages\/85"}],"wp:attachment":[{"href":"https:\/\/vilkuva.lt\/cms\/index.php\/wp-json\/wp\/v2\/media?parent=551"}],"curies":[{"name":"wp","href":"https:\/\/api.w.org\/{rel}","templated":true}]}}