{"id":545,"date":"2019-12-02T13:40:13","date_gmt":"2019-12-02T10:40:13","guid":{"rendered":"http:\/\/vilkuva.lt\/cms\/?page_id=545"},"modified":"2021-02-25T10:45:37","modified_gmt":"2021-02-25T07:45:37","slug":"atnaujinamas-modernizuojamas-daugiabutis-statybininku-g-6-vilkaviskis","status":"publish","type":"page","link":"https:\/\/vilkuva.lt\/cms\/index.php\/renovacija-atnaujinimas\/85-2\/atnaujinamas-modernizuojamas-daugiabutis-statybininku-g-6-vilkaviskis\/","title":{"rendered":"Atnaujinamas (modernizuojamas) daugiabutis Statybinink\u0173 g. 6, Vilkavi\u0161kis"},"content":{"rendered":"<p>&nbsp;<\/p>\n<p><u><a href=\"http:\/\/www.vilkuva.lt\/cms\/IP4\/IP_Statybininku_6.pdf\">Investicij\u0173 planas<\/a><\/u><\/p>\n<p><strong><u><a href=\"http:\/\/www.vilkuva.lt\/cms\/IP4\/Statybininku_6_TDP.rar\">Techninis darbo projektas<\/a><\/u><\/strong> (<em>rar formatu<\/em>)<\/p>\n<p><strong><a href=\"http:\/\/www.vilkuva.lt\/cms\/IP4\/Projekto_ataskaita_St6.pdf\">Projekto \u012fgyvendinimo ataskaita<\/a><\/strong><\/p>\n<p>&nbsp;<\/p>\n<p>Namo but\u0173 ir kit\u0173 patalp\u0173 savininkai pasirinko namo atnaujinimo (modernizavimo) investicij\u0173 plano priemoni\u0173 II variant\u0105 ir patvirtino namo atnaujinimo (modernizavimo) investicij\u0173 plan\u0105. Pritarian\u010di\u0173 namo atnaujinimui (modernizavimui) but\u0173 ir kit\u0173 patalp\u0173 savinink\u0173 skai\u010dius \u2013 68 proc.<\/p>\n<p>Gautas AB \u201e\u0160iauli\u0173 bankas\u201c preliminarus pritarimas atnaujinimo (modernizavimo) darb\u0173 finansavimui;<\/p>\n<p>Su V\u0161\u012e \u2018B\u016bsto energijos taupymo agent\u016bra\u201c pasira\u0161yta Valstyb\u0117s paramos daugiabu\u010diui namui atnaujinti (modernizuoti) teikimo sutartis;<\/p>\n<p>Parengtas techninis darbo projektas &#8211; UAB \u201eStatinio projektavimo studija\u201c;<\/p>\n<p>Gautas techninio darbo projekto ekspertiz\u0117s aktas &#8211; UAB &#8222;Ekspertika&#8221;;<\/p>\n<p>Gautas leidimas atnaujinti (modernizuoti) pastat\u0105 (Statybos leidimas);<\/p>\n<p>CPO LT katalogo priemon\u0117mis \u012fvyko konkursas statybos rangos darbams atlikti &#8211; konkurs\u0105 laim\u0117jo ma\u017eiausi\u0105 kain\u0105 pasi\u016bliusi UAB &#8222;Statybos ritmas&#8221; i\u0161 Marijampol\u0117s. Laim\u0117tojas darbus \u012fsipareigojo atlikti u\u017e 711 480,00 Eur (maksimali galima \u0161i\u0173 darb\u0173 kaina numatyta Investicij\u0173 plane &#8211; 734 330,00 Eur);<\/p>\n<p>Statybos darb\u0173 vadovas &#8211; <strong>Mindaugas Ramanauskas<\/strong>, (atestatas Nr. 24550),<strong> tel.: 8 685 50016;<\/strong><\/p>\n<p>CPO LT katalogo priemon\u0117mis \u012fvyko konkursas namo Statinio statybos technin\u0117s prie\u017ei\u016bros paslaugoms pirkti &#8211; konkurs\u0105 atlikti statybos technin\u0117s prie\u017ei\u016bros paslaugas laim\u0117jo UAB &#8222;Resums&#8221; i\u0161 Vilniaus. Statinio statybos technin\u0119 prie\u017ei\u016br\u0105 vykdys UAB &#8222;Resums&#8221; specialistas Gediminas Meldaikis (atestatai Nr. 14766 ir Nr. 39650), tel.: 8 682 32236;<\/p>\n<p>Statybos darbai u\u017ebaigti, gautas Statybos u\u017ebaigimo aktas, laukiama 30 proc. valstyb\u0117s paramos energij\u0105 taupan\u010dioms priemon\u0117ms i\u0161 V\u0161\u012e \u2018B\u016bsto energijos taupymo agent\u016bra\u201c;<\/p>\n<p>&nbsp;<\/p>\n","protected":false},"excerpt":{"rendered":"<p>&nbsp; Investicij\u0173 planas Techninis darbo projektas (rar formatu) Projekto \u012fgyvendinimo ataskaita &nbsp; Namo but\u0173 ir kit\u0173 patalp\u0173 savininkai pasirinko namo atnaujinimo (modernizavimo) investicij\u0173 plano priemoni\u0173 II variant\u0105 ir patvirtino namo atnaujinimo (modernizavimo) investicij\u0173 plan\u0105. Pritarian\u010di\u0173 namo atnaujinimui (modernizavimui) but\u0173 ir kit\u0173 patalp\u0173 savinink\u0173 skai\u010dius \u2013 68 proc. Gautas AB \u201e\u0160iauli\u0173 bankas\u201c preliminarus pritarimas atnaujinimo (modernizavimo)\u2026 <span class=\"read-more\"><a href=\"https:\/\/vilkuva.lt\/cms\/index.php\/renovacija-atnaujinimas\/85-2\/atnaujinamas-modernizuojamas-daugiabutis-statybininku-g-6-vilkaviskis\/\">Skaityti toliau &raquo;<\/a><\/span><\/p>\n","protected":false},"author":1,"featured_media":0,"parent":85,"menu_order":0,"comment_status":"closed","ping_status":"closed","template":"page-templates\/full-width.php","meta":[],"_links":{"self":[{"href":"https:\/\/vilkuva.lt\/cms\/index.php\/wp-json\/wp\/v2\/pages\/545"}],"collection":[{"href":"https:\/\/vilkuva.lt\/cms\/index.php\/wp-json\/wp\/v2\/pages"}],"about":[{"href":"https:\/\/vilkuva.lt\/cms\/index.php\/wp-json\/wp\/v2\/types\/page"}],"author":[{"embeddable":true,"href":"https:\/\/vilkuva.lt\/cms\/index.php\/wp-json\/wp\/v2\/users\/1"}],"replies":[{"embeddable":true,"href":"https:\/\/vilkuva.lt\/cms\/index.php\/wp-json\/wp\/v2\/comments?post=545"}],"version-history":[{"count":13,"href":"https:\/\/vilkuva.lt\/cms\/index.php\/wp-json\/wp\/v2\/pages\/545\/revisions"}],"predecessor-version":[{"id":900,"href":"https:\/\/vilkuva.lt\/cms\/index.php\/wp-json\/wp\/v2\/pages\/545\/revisions\/900"}],"up":[{"embeddable":true,"href":"https:\/\/vilkuva.lt\/cms\/index.php\/wp-json\/wp\/v2\/pages\/85"}],"wp:attachment":[{"href":"https:\/\/vilkuva.lt\/cms\/index.php\/wp-json\/wp\/v2\/media?parent=545"}],"curies":[{"name":"wp","href":"https:\/\/api.w.org\/{rel}","templated":true}]}}