{"id":521,"date":"2019-12-02T12:49:34","date_gmt":"2019-12-02T09:49:34","guid":{"rendered":"http:\/\/vilkuva.lt\/cms\/?page_id=521"},"modified":"2023-05-15T11:37:50","modified_gmt":"2023-05-15T08:37:50","slug":"atnaujinamas-modernizuojamas-daugiabutis-maironio-g-3-vilkaviskis","status":"publish","type":"page","link":"https:\/\/vilkuva.lt\/cms\/index.php\/renovacija-atnaujinimas\/85-2\/atnaujinamas-modernizuojamas-daugiabutis-maironio-g-3-vilkaviskis\/","title":{"rendered":"Atnaujinamas (modernizuojamas) daugiabutis Maironio g. 3, Vilkavi\u0161kis"},"content":{"rendered":"<p>&nbsp;<\/p>\n<p><span style=\"color: #3366ff;\"><a style=\"color: #3366ff;\" href=\"http:\/\/www.vilkuva.lt\/cms\/IP7\/IP_Maironio_3_rengiamas.pdf\"><strong>Investicij\u0173 planas<\/strong><\/a><span style=\"color: #000000;\"><em>\u00a0<\/em><\/span><\/span><\/p>\n<p><span style=\"color: #ff0000;\"><strong><u><a style=\"color: #ff0000;\" href=\"http:\/\/www.vilkuva.lt\/cms\/IP7\/Maironio_3_TDP.rar\"><span style=\"color: #0000ff;\">Techninis darbo projektas<\/span><\/a><\/u><\/strong><\/span>\u00a0(<em>rar\u00a0formatu<\/em>)<\/p>\n<p>&nbsp;<\/p>\n<p><span style=\"color: #0000ff;\"><strong><a style=\"color: #0000ff;\" href=\"http:\/\/www.vilkuva.lt\/cms\/IP7\/maironio3_IP_didinimas.pdf\">2023 m. Projekto \u012fgyvendinimo investicij\u0173 sumos didinimo paketas<\/a><\/strong><\/span><\/p>\n<p>&nbsp;<\/p>\n<p>2020 sausio 28 dien\u0105 baig\u0117si but\u0173 ir kit\u0173 patalp\u0173 savinink\u0173 balsavimas ra\u0161tu d\u0117l namo atnaujinimo (modernizavimo) Investicij\u0173 plano tvirtinimo ir namo atnaujinimo (modernizavimo) projekto rengimo ir \u012fgyvendinimo s\u0105lyg\u0173 bei lengvatin\u0117s paskolos sutarties su banku s\u0105lyg\u0173.<\/p>\n<p>Balsavimo rezultatai (Investicij\u0173 plano priemoni\u0173 paketas II):<\/p>\n<p>Balsavimo organizatoriui gr\u0105\u017einta balsavimo biuleteni\u0173: 8 ( 80 proc.);<\/p>\n<p>Sprendimui pritariu : 8 ( 80 proc.);<\/p>\n<p>Sprendimui nepritariu : 0 ( 0 proc.);<\/p>\n<p>Nuspr\u0119sta: pritarti si\u016blomiems sprendimams.<\/p>\n<p>Investicij\u0173 planas ir Parai\u0161ka pateikti V\u0161\u012e \u2018B\u016bsto energijos taupymo agent\u016bra\u201c vertinimui \u2013 agent\u016bra pri\u0117m\u0117 sprendim\u0105, kad Investicij\u0173 planas parengtas tinkamai ir namo atnaujinimas (modernizavimas) gali b\u016bti \u012fgyvendinamas;<\/p>\n<p>Namas \u012ftrauktas \u012f LR aplinkos ministro 2019 m. rugpj\u016b\u010dio 14 d. \u012fsakymu Nr. D1-487 paskelbto Kvietimo teikti parai\u0161kas daugiabu\u010diams namams atnaujinti (modernizuoti) \u00a0 sudaryt\u0105 finansuojam\u0173 (atnaujinimo) modernizavimo projekt\u0173 s\u0105ra\u0161\u0105;<\/p>\n<p>Su V\u0161\u012e \u2018B\u016bsto energijos taupymo agent\u016bra\u201c yra pasira\u0161yta valstyb\u0117s paramos teikimo sutartis d\u0117l namo atnaujinimo (modernizavimo), parengtas atnaujinimo (modernizavimo) techninis darbo projektas, atlikta techninio darbo projekto ekspertiz\u0117, gautas Statybos leidimas, gautas finansuotojo AB &#8222;\u0160iauli\u0173 bankas&#8221; pritarimas d\u0117l lengvatinio kredito suteikimo namo atnaujinimui (modernizavimui), CPO LT katalogo priemon\u0117mis 4 kartus konkursai statybos rangos darbams atlikti ne\u012fvyko &#8211; nebuvo pateiktas nei vienas pasi\u016blymas;<\/p>\n<p>Vykdomas Investicij\u0173 plane numatyt\u0173 investicij\u0173 sum\u0173 daugiabu\u010dio namo atnaujinimo (modernizavimo) projektui \u012fgyvendinti didinimas, nekei\u010diant investicij\u0173 plano \u2013 balsavimas ra\u0161tu d\u0117l daugiabu\u010dio namo atnaujinimo (modernizavimo) projekto \u012fgyvendinimo investicij\u0173 sumos didinimo paketo patvirtinimo;<\/p>\n","protected":false},"excerpt":{"rendered":"<p>&nbsp; Investicij\u0173 planas\u00a0 Techninis darbo projektas\u00a0(rar\u00a0formatu) &nbsp; 2023 m. Projekto \u012fgyvendinimo investicij\u0173 sumos didinimo paketas &nbsp; 2020 sausio 28 dien\u0105 baig\u0117si but\u0173 ir kit\u0173 patalp\u0173 savinink\u0173 balsavimas ra\u0161tu d\u0117l namo atnaujinimo (modernizavimo) Investicij\u0173 plano tvirtinimo ir namo atnaujinimo (modernizavimo) projekto rengimo ir \u012fgyvendinimo s\u0105lyg\u0173 bei lengvatin\u0117s paskolos sutarties su banku s\u0105lyg\u0173. Balsavimo rezultatai (Investicij\u0173 plano\u2026 <span class=\"read-more\"><a href=\"https:\/\/vilkuva.lt\/cms\/index.php\/renovacija-atnaujinimas\/85-2\/atnaujinamas-modernizuojamas-daugiabutis-maironio-g-3-vilkaviskis\/\">Skaityti toliau &raquo;<\/a><\/span><\/p>\n","protected":false},"author":1,"featured_media":0,"parent":85,"menu_order":0,"comment_status":"closed","ping_status":"closed","template":"page-templates\/full-width.php","meta":[],"_links":{"self":[{"href":"https:\/\/vilkuva.lt\/cms\/index.php\/wp-json\/wp\/v2\/pages\/521"}],"collection":[{"href":"https:\/\/vilkuva.lt\/cms\/index.php\/wp-json\/wp\/v2\/pages"}],"about":[{"href":"https:\/\/vilkuva.lt\/cms\/index.php\/wp-json\/wp\/v2\/types\/page"}],"author":[{"embeddable":true,"href":"https:\/\/vilkuva.lt\/cms\/index.php\/wp-json\/wp\/v2\/users\/1"}],"replies":[{"embeddable":true,"href":"https:\/\/vilkuva.lt\/cms\/index.php\/wp-json\/wp\/v2\/comments?post=521"}],"version-history":[{"count":30,"href":"https:\/\/vilkuva.lt\/cms\/index.php\/wp-json\/wp\/v2\/pages\/521\/revisions"}],"predecessor-version":[{"id":1091,"href":"https:\/\/vilkuva.lt\/cms\/index.php\/wp-json\/wp\/v2\/pages\/521\/revisions\/1091"}],"up":[{"embeddable":true,"href":"https:\/\/vilkuva.lt\/cms\/index.php\/wp-json\/wp\/v2\/pages\/85"}],"wp:attachment":[{"href":"https:\/\/vilkuva.lt\/cms\/index.php\/wp-json\/wp\/v2\/media?parent=521"}],"curies":[{"name":"wp","href":"https:\/\/api.w.org\/{rel}","templated":true}]}}