{"id":386,"date":"2019-04-29T12:41:58","date_gmt":"2019-04-29T09:41:58","guid":{"rendered":"http:\/\/t4s1556112681.sritis.lt\/cms\/?page_id=386"},"modified":"2019-05-23T16:12:26","modified_gmt":"2019-05-23T13:12:26","slug":"atnaujintas-modernizuotas-daugiabutis-s-neries-g-42-vilkaviskis","status":"publish","type":"page","link":"https:\/\/vilkuva.lt\/cms\/index.php\/renovacija-atnaujinimas\/83-2\/atnaujintas-modernizuotas-daugiabutis-s-neries-g-42-vilkaviskis\/","title":{"rendered":"Atnaujintas (modernizuotas) daugiabutis S.N\u0117ries g. 42, Vilkavi\u0161kis"},"content":{"rendered":"<p>Adresas: <strong>S.N\u0117ries g. 42, Vilkavi\u0161kis<\/strong><\/p>\n<p>Duomenys: <strong>4 auk\u0161t\u0173, 11 but\u0173 ir (ar) kit\u0173 patalp\u0173 gyvenamasis namas<\/strong><\/p>\n<p>Namas pastatytas: <strong>1969 m<\/strong><\/p>\n<p>Namo naudingasis plotas: <strong>2180,92 m\u00b2<\/strong><\/p>\n<p>Atnaujinimo (modernizavimo) darbai baigti: <strong>2018-11-06<\/strong><\/p>\n<p>Lengvatinio kredito l\u0117\u0161omis apmok\u0117t\u0173 vis\u0173 statybos darb\u0173 vert\u0117: <strong>307.949,89 Eur<\/strong><\/p>\n<p>Suteikta valstyb\u0117s parama energij\u0105 taupan\u010dioms priemon\u0117ms: <strong>92.384,96<\/strong><strong> Eur <\/strong><\/p>\n<p>Pastato energinio naudingumo klas\u0117 po modernizavimo: <strong>B<\/strong><\/p>\n<p>Rangovas: <strong>UAB &#8222;Vilkasta&#8221;<\/strong><\/p>\n<p>Statybos techninis pri\u017ei\u016br\u0117tojas: <strong>UAB \u201cPrie L\u0117vens&#8221;<\/strong><\/p>\n<p>&nbsp;<\/p>\n<p><a href=\"http:\/\/www.vilkuva.lt\/cms\/ENS\/ENS_po_modernizavimo_S_Neries_42.pdf\"><strong>Pastato energinio naudingumo sertifikatas po modernizavimo<\/strong><\/a><\/p>\n","protected":false},"excerpt":{"rendered":"<p>Adresas: S.N\u0117ries g. 42, Vilkavi\u0161kis Duomenys: 4 auk\u0161t\u0173, 11 but\u0173 ir (ar) kit\u0173 patalp\u0173 gyvenamasis namas Namas pastatytas: 1969 m Namo naudingasis plotas: 2180,92 m\u00b2 Atnaujinimo (modernizavimo) darbai baigti: 2018-11-06 Lengvatinio kredito l\u0117\u0161omis apmok\u0117t\u0173 vis\u0173 statybos darb\u0173 vert\u0117: 307.949,89 Eur Suteikta valstyb\u0117s parama energij\u0105 taupan\u010dioms priemon\u0117ms: 92.384,96 Eur Pastato energinio naudingumo klas\u0117 po modernizavimo: B\u2026 <span class=\"read-more\"><a href=\"https:\/\/vilkuva.lt\/cms\/index.php\/renovacija-atnaujinimas\/83-2\/atnaujintas-modernizuotas-daugiabutis-s-neries-g-42-vilkaviskis\/\">Skaityti toliau &raquo;<\/a><\/span><\/p>\n","protected":false},"author":1,"featured_media":0,"parent":83,"menu_order":0,"comment_status":"closed","ping_status":"closed","template":"page-templates\/full-width.php","meta":[],"_links":{"self":[{"href":"https:\/\/vilkuva.lt\/cms\/index.php\/wp-json\/wp\/v2\/pages\/386"}],"collection":[{"href":"https:\/\/vilkuva.lt\/cms\/index.php\/wp-json\/wp\/v2\/pages"}],"about":[{"href":"https:\/\/vilkuva.lt\/cms\/index.php\/wp-json\/wp\/v2\/types\/page"}],"author":[{"embeddable":true,"href":"https:\/\/vilkuva.lt\/cms\/index.php\/wp-json\/wp\/v2\/users\/1"}],"replies":[{"embeddable":true,"href":"https:\/\/vilkuva.lt\/cms\/index.php\/wp-json\/wp\/v2\/comments?post=386"}],"version-history":[{"count":1,"href":"https:\/\/vilkuva.lt\/cms\/index.php\/wp-json\/wp\/v2\/pages\/386\/revisions"}],"predecessor-version":[{"id":387,"href":"https:\/\/vilkuva.lt\/cms\/index.php\/wp-json\/wp\/v2\/pages\/386\/revisions\/387"}],"up":[{"embeddable":true,"href":"https:\/\/vilkuva.lt\/cms\/index.php\/wp-json\/wp\/v2\/pages\/83"}],"wp:attachment":[{"href":"https:\/\/vilkuva.lt\/cms\/index.php\/wp-json\/wp\/v2\/media?parent=386"}],"curies":[{"name":"wp","href":"https:\/\/api.w.org\/{rel}","templated":true}]}}