{"id":382,"date":"2019-04-29T12:41:12","date_gmt":"2019-04-29T09:41:12","guid":{"rendered":"http:\/\/t4s1556112681.sritis.lt\/cms\/?page_id=382"},"modified":"2019-05-23T16:35:55","modified_gmt":"2019-05-23T13:35:55","slug":"atnaujintas-modernizuotas-daugiabutis-s-neries-g-33b-vilkaviskis","status":"publish","type":"page","link":"https:\/\/vilkuva.lt\/cms\/index.php\/renovacija-atnaujinimas\/83-2\/atnaujintas-modernizuotas-daugiabutis-s-neries-g-33b-vilkaviskis\/","title":{"rendered":"Atnaujintas (modernizuotas) daugiabutis S.N\u0117ries g. 33B, Vilkavi\u0161kis"},"content":{"rendered":"<p><a href=\"http:\/\/vilkuva.lt\/cms\/wp-content\/uploads\/S_Neries_33B.jpg\"><img fetchpriority=\"high\" decoding=\"async\" class=\"alignright wp-image-455 size-medium\" src=\"http:\/\/vilkuva.lt\/cms\/wp-content\/uploads\/S_Neries_33B-300x210.jpg\" alt=\"\" width=\"300\" height=\"210\" srcset=\"https:\/\/vilkuva.lt\/cms\/wp-content\/uploads\/S_Neries_33B-300x210.jpg 300w, https:\/\/vilkuva.lt\/cms\/wp-content\/uploads\/S_Neries_33B-768x538.jpg 768w, https:\/\/vilkuva.lt\/cms\/wp-content\/uploads\/S_Neries_33B-660x462.jpg 660w, https:\/\/vilkuva.lt\/cms\/wp-content\/uploads\/S_Neries_33B-200x140.jpg 200w, https:\/\/vilkuva.lt\/cms\/wp-content\/uploads\/S_Neries_33B.jpg 960w\" sizes=\"(max-width: 300px) 100vw, 300px\" \/><\/a>Adresas: <strong>S.N\u0117ries g. 33B, Vilkavi\u0161kis<\/strong><\/p>\n<p>Duomenys: <strong>5 auk\u0161t\u0173, 55 but\u0173 ir (ar) kit\u0173 patalp\u0173 gyvenamasis namas<\/strong><\/p>\n<p>Namas pastatytas: <strong>1977 m<\/strong><\/p>\n<p>Namo naudingasis plotas: <strong>2732,23<\/strong><strong> m\u00b2<\/strong><\/p>\n<p>Atnaujinimo (modernizavimo) darbai baigti: <strong>2016-05-12<\/strong><\/p>\n<p>Atlikt\u0173 statybos darb\u0173 vert\u0117: <strong>472.125,06 Eur<\/strong><\/p>\n<p>Suteikta valstyb\u0117s parama energij\u0105 taupan\u010dioms priemon\u0117ms: <strong>188.850,03 Eur <\/strong><\/p>\n<p>Pastato energinio naudingumo klas\u0117 po modernizavimo: <strong>B<\/strong><\/p>\n<p>Rangovas: <strong>UAB &#8222;Vilkasta&#8221;<\/strong><\/p>\n<p>Statybos techninis pri\u017ei\u016br\u0117tojas: <strong>UAB &#8222;Pro Bonus&#8221;<\/strong><\/p>\n<p>&nbsp;<\/p>\n<p><a href=\"http:\/\/www.vilkuva.lt\/cms\/ENS\/ENS_po_modernizavimo_S_Neries_33B.pdf\"><strong>Pastato energinio naudingumo sertifikatas po modernizavimo<\/strong><\/a><\/p>\n","protected":false},"excerpt":{"rendered":"<p>Adresas: S.N\u0117ries g. 33B, Vilkavi\u0161kis Duomenys: 5 auk\u0161t\u0173, 55 but\u0173 ir (ar) kit\u0173 patalp\u0173 gyvenamasis namas Namas pastatytas: 1977 m Namo naudingasis plotas: 2732,23 m\u00b2 Atnaujinimo (modernizavimo) darbai baigti: 2016-05-12 Atlikt\u0173 statybos darb\u0173 vert\u0117: 472.125,06 Eur Suteikta valstyb\u0117s parama energij\u0105 taupan\u010dioms priemon\u0117ms: 188.850,03 Eur Pastato energinio naudingumo klas\u0117 po modernizavimo: B Rangovas: UAB &#8222;Vilkasta&#8221; Statybos\u2026 <span class=\"read-more\"><a href=\"https:\/\/vilkuva.lt\/cms\/index.php\/renovacija-atnaujinimas\/83-2\/atnaujintas-modernizuotas-daugiabutis-s-neries-g-33b-vilkaviskis\/\">Skaityti toliau &raquo;<\/a><\/span><\/p>\n","protected":false},"author":1,"featured_media":0,"parent":83,"menu_order":0,"comment_status":"closed","ping_status":"closed","template":"page-templates\/full-width.php","meta":[],"_links":{"self":[{"href":"https:\/\/vilkuva.lt\/cms\/index.php\/wp-json\/wp\/v2\/pages\/382"}],"collection":[{"href":"https:\/\/vilkuva.lt\/cms\/index.php\/wp-json\/wp\/v2\/pages"}],"about":[{"href":"https:\/\/vilkuva.lt\/cms\/index.php\/wp-json\/wp\/v2\/types\/page"}],"author":[{"embeddable":true,"href":"https:\/\/vilkuva.lt\/cms\/index.php\/wp-json\/wp\/v2\/users\/1"}],"replies":[{"embeddable":true,"href":"https:\/\/vilkuva.lt\/cms\/index.php\/wp-json\/wp\/v2\/comments?post=382"}],"version-history":[{"count":2,"href":"https:\/\/vilkuva.lt\/cms\/index.php\/wp-json\/wp\/v2\/pages\/382\/revisions"}],"predecessor-version":[{"id":486,"href":"https:\/\/vilkuva.lt\/cms\/index.php\/wp-json\/wp\/v2\/pages\/382\/revisions\/486"}],"up":[{"embeddable":true,"href":"https:\/\/vilkuva.lt\/cms\/index.php\/wp-json\/wp\/v2\/pages\/83"}],"wp:attachment":[{"href":"https:\/\/vilkuva.lt\/cms\/index.php\/wp-json\/wp\/v2\/media?parent=382"}],"curies":[{"name":"wp","href":"https:\/\/api.w.org\/{rel}","templated":true}]}}