{"id":370,"date":"2019-04-29T12:38:21","date_gmt":"2019-04-29T09:38:21","guid":{"rendered":"http:\/\/t4s1556112681.sritis.lt\/cms\/?page_id=370"},"modified":"2019-05-23T16:34:43","modified_gmt":"2019-05-23T13:34:43","slug":"atnaujintas-modernizuotas-daugiabutis-nepriklausomybes-g-62-vilkaviskis","status":"publish","type":"page","link":"https:\/\/vilkuva.lt\/cms\/index.php\/renovacija-atnaujinimas\/83-2\/atnaujintas-modernizuotas-daugiabutis-nepriklausomybes-g-62-vilkaviskis\/","title":{"rendered":"Atnaujintas (modernizuotas) daugiabutis Nepriklausomyb\u0117s g. 62, Vilkavi\u0161kis"},"content":{"rendered":"<p><a href=\"http:\/\/vilkuva.lt\/cms\/wp-content\/uploads\/Nepriklausomybes_62.jpg\"><img fetchpriority=\"high\" decoding=\"async\" class=\"alignright wp-image-468 size-medium\" src=\"http:\/\/vilkuva.lt\/cms\/wp-content\/uploads\/Nepriklausomybes_62-300x199.jpg\" alt=\"\" width=\"300\" height=\"199\" srcset=\"https:\/\/vilkuva.lt\/cms\/wp-content\/uploads\/Nepriklausomybes_62-300x199.jpg 300w, https:\/\/vilkuva.lt\/cms\/wp-content\/uploads\/Nepriklausomybes_62-768x510.jpg 768w, https:\/\/vilkuva.lt\/cms\/wp-content\/uploads\/Nepriklausomybes_62-660x438.jpg 660w, https:\/\/vilkuva.lt\/cms\/wp-content\/uploads\/Nepriklausomybes_62.jpg 1011w\" sizes=\"(max-width: 300px) 100vw, 300px\" \/><\/a>Adresas: <strong>Nepriklausomyb\u0117s g. 62, Vilkavi\u0161kis<\/strong><\/p>\n<p>Duomenys: <strong>5 auk\u0161t\u0173, 30 but\u0173 ir (ar) kit\u0173 patalp\u0173 gyvenamasis namas<\/strong><\/p>\n<p>Namas pastatytas: <strong>1974 m<\/strong><\/p>\n<p>Namo naudingasis plotas: <strong>1747,97<\/strong><strong> m\u00b2<\/strong><\/p>\n<p>Atnaujinimo (modernizavimo) darbai baigti: <strong>2016-02-01<\/strong><\/p>\n<p>Lengvatinio kredito l\u0117\u0161omis apmok\u0117t\u0173 vis\u0173 statybos darb\u0173 vert\u0117: <strong>292.556,82 Eur<\/strong><\/p>\n<p>Suteikta valstyb\u0117s parama energij\u0105 taupan\u010dioms priemon\u0117ms: <strong>117.022,73 Eur <\/strong><\/p>\n<p>Pastato energinio naudingumo klas\u0117 po modernizavimo: <strong>C<\/strong><\/p>\n<p>Rangovas: <strong>UAB &#8222;Sumeda&#8221;<\/strong><\/p>\n<p>Statybos techninis pri\u017ei\u016br\u0117tojas: <strong>UAB &#8222;Archiplanas&#8221;<\/strong><\/p>\n<p>&nbsp;<\/p>\n<p><a href=\"http:\/\/www.vilkuva.lt\/cms\/ENS\/ENS_po_modernizavimo_Nepriklausomybes_62.pdf\"><strong>Pastato energinio naudingumo sertifikatas po modernizavimo<\/strong><\/a><\/p>\n","protected":false},"excerpt":{"rendered":"<p>Adresas: Nepriklausomyb\u0117s g. 62, Vilkavi\u0161kis Duomenys: 5 auk\u0161t\u0173, 30 but\u0173 ir (ar) kit\u0173 patalp\u0173 gyvenamasis namas Namas pastatytas: 1974 m Namo naudingasis plotas: 1747,97 m\u00b2 Atnaujinimo (modernizavimo) darbai baigti: 2016-02-01 Lengvatinio kredito l\u0117\u0161omis apmok\u0117t\u0173 vis\u0173 statybos darb\u0173 vert\u0117: 292.556,82 Eur Suteikta valstyb\u0117s parama energij\u0105 taupan\u010dioms priemon\u0117ms: 117.022,73 Eur Pastato energinio naudingumo klas\u0117 po modernizavimo: C\u2026 <span class=\"read-more\"><a href=\"https:\/\/vilkuva.lt\/cms\/index.php\/renovacija-atnaujinimas\/83-2\/atnaujintas-modernizuotas-daugiabutis-nepriklausomybes-g-62-vilkaviskis\/\">Skaityti toliau &raquo;<\/a><\/span><\/p>\n","protected":false},"author":1,"featured_media":0,"parent":83,"menu_order":0,"comment_status":"closed","ping_status":"closed","template":"page-templates\/full-width.php","meta":[],"_links":{"self":[{"href":"https:\/\/vilkuva.lt\/cms\/index.php\/wp-json\/wp\/v2\/pages\/370"}],"collection":[{"href":"https:\/\/vilkuva.lt\/cms\/index.php\/wp-json\/wp\/v2\/pages"}],"about":[{"href":"https:\/\/vilkuva.lt\/cms\/index.php\/wp-json\/wp\/v2\/types\/page"}],"author":[{"embeddable":true,"href":"https:\/\/vilkuva.lt\/cms\/index.php\/wp-json\/wp\/v2\/users\/1"}],"replies":[{"embeddable":true,"href":"https:\/\/vilkuva.lt\/cms\/index.php\/wp-json\/wp\/v2\/comments?post=370"}],"version-history":[{"count":2,"href":"https:\/\/vilkuva.lt\/cms\/index.php\/wp-json\/wp\/v2\/pages\/370\/revisions"}],"predecessor-version":[{"id":484,"href":"https:\/\/vilkuva.lt\/cms\/index.php\/wp-json\/wp\/v2\/pages\/370\/revisions\/484"}],"up":[{"embeddable":true,"href":"https:\/\/vilkuva.lt\/cms\/index.php\/wp-json\/wp\/v2\/pages\/83"}],"wp:attachment":[{"href":"https:\/\/vilkuva.lt\/cms\/index.php\/wp-json\/wp\/v2\/media?parent=370"}],"curies":[{"name":"wp","href":"https:\/\/api.w.org\/{rel}","templated":true}]}}