{"id":356,"date":"2019-04-29T12:35:25","date_gmt":"2019-04-29T09:35:25","guid":{"rendered":"http:\/\/t4s1556112681.sritis.lt\/cms\/?page_id=356"},"modified":"2019-05-23T16:29:15","modified_gmt":"2019-05-23T13:29:15","slug":"atnaujintas-modernizuotas-daugiabutis-kestucio-g-11-vilkaviskis","status":"publish","type":"page","link":"https:\/\/vilkuva.lt\/cms\/index.php\/renovacija-atnaujinimas\/83-2\/atnaujintas-modernizuotas-daugiabutis-kestucio-g-11-vilkaviskis\/","title":{"rendered":"Atnaujintas (modernizuotas) daugiabutis K\u0119stu\u010dio g. 11, Vilkavi\u0161kis"},"content":{"rendered":"<p><a href=\"http:\/\/vilkuva.lt\/cms\/wp-content\/uploads\/Kestucio_11.jpg\"><img decoding=\"async\" class=\"alignright wp-image-463 size-medium\" src=\"http:\/\/vilkuva.lt\/cms\/wp-content\/uploads\/Kestucio_11-300x139.jpg\" alt=\"\" width=\"300\" height=\"139\" srcset=\"https:\/\/vilkuva.lt\/cms\/wp-content\/uploads\/Kestucio_11-300x139.jpg 300w, https:\/\/vilkuva.lt\/cms\/wp-content\/uploads\/Kestucio_11-768x356.jpg 768w, https:\/\/vilkuva.lt\/cms\/wp-content\/uploads\/Kestucio_11-1024x474.jpg 1024w, https:\/\/vilkuva.lt\/cms\/wp-content\/uploads\/Kestucio_11-660x306.jpg 660w, https:\/\/vilkuva.lt\/cms\/wp-content\/uploads\/Kestucio_11.jpg 1280w\" sizes=\"(max-width: 300px) 100vw, 300px\" \/><\/a>Adresas: <strong>K\u0119stu\u010dio g. 11, Vilkavi\u0161kis<\/strong><\/p>\n<p>Duomenys: <strong>4 auk\u0161t\u0173, 24 but\u0173 ir (ar) kit\u0173 patalp\u0173 gyvenamasis namas<\/strong><\/p>\n<p>Namas pastatytas: <strong>1963 m<\/strong><\/p>\n<p>Namo naudingasis plotas: <strong>1110,86<\/strong><strong> m\u00b2<\/strong><\/p>\n<p>Atnaujinimo (modernizavimo) darbai baigti: <strong>2016-03-14<\/strong><\/p>\n<p>Lengvatinio kredito l\u0117\u0161omis apmok\u0117t\u0173 vis\u0173 statybos darb\u0173 vert\u0117: <strong>311.479,28 Eur<\/strong><\/p>\n<p>Suteikta valstyb\u0117s parama energij\u0105 taupan\u010dioms priemon\u0117ms: <strong>119.079,60 Eur <\/strong><\/p>\n<p>Pastato energinio naudingumo klas\u0117 po modernizavimo: <strong>C<\/strong><\/p>\n<p>Rangovas: <strong>UAB &#8222;Vilkasta&#8221;<\/strong><\/p>\n<p>Statybos techninis pri\u017ei\u016br\u0117tojas: <strong>UAB &#8222;Prie L\u0117vens&#8221;<\/strong><\/p>\n<p>&nbsp;<\/p>\n<p><a href=\"http:\/\/www.vilkuva.lt\/cms\/ENS\/ENS_po_modernizavimo_Kestucio_11.pdf\"><strong>Pastato energinio naudingumo serifikatas po modernizavimo<\/strong><\/a><\/p>\n","protected":false},"excerpt":{"rendered":"<p>Adresas: K\u0119stu\u010dio g. 11, Vilkavi\u0161kis Duomenys: 4 auk\u0161t\u0173, 24 but\u0173 ir (ar) kit\u0173 patalp\u0173 gyvenamasis namas Namas pastatytas: 1963 m Namo naudingasis plotas: 1110,86 m\u00b2 Atnaujinimo (modernizavimo) darbai baigti: 2016-03-14 Lengvatinio kredito l\u0117\u0161omis apmok\u0117t\u0173 vis\u0173 statybos darb\u0173 vert\u0117: 311.479,28 Eur Suteikta valstyb\u0117s parama energij\u0105 taupan\u010dioms priemon\u0117ms: 119.079,60 Eur Pastato energinio naudingumo klas\u0117 po modernizavimo: C\u2026 <span class=\"read-more\"><a href=\"https:\/\/vilkuva.lt\/cms\/index.php\/renovacija-atnaujinimas\/83-2\/atnaujintas-modernizuotas-daugiabutis-kestucio-g-11-vilkaviskis\/\">Skaityti toliau &raquo;<\/a><\/span><\/p>\n","protected":false},"author":1,"featured_media":0,"parent":83,"menu_order":0,"comment_status":"closed","ping_status":"closed","template":"page-templates\/full-width.php","meta":[],"_links":{"self":[{"href":"https:\/\/vilkuva.lt\/cms\/index.php\/wp-json\/wp\/v2\/pages\/356"}],"collection":[{"href":"https:\/\/vilkuva.lt\/cms\/index.php\/wp-json\/wp\/v2\/pages"}],"about":[{"href":"https:\/\/vilkuva.lt\/cms\/index.php\/wp-json\/wp\/v2\/types\/page"}],"author":[{"embeddable":true,"href":"https:\/\/vilkuva.lt\/cms\/index.php\/wp-json\/wp\/v2\/users\/1"}],"replies":[{"embeddable":true,"href":"https:\/\/vilkuva.lt\/cms\/index.php\/wp-json\/wp\/v2\/comments?post=356"}],"version-history":[{"count":2,"href":"https:\/\/vilkuva.lt\/cms\/index.php\/wp-json\/wp\/v2\/pages\/356\/revisions"}],"predecessor-version":[{"id":475,"href":"https:\/\/vilkuva.lt\/cms\/index.php\/wp-json\/wp\/v2\/pages\/356\/revisions\/475"}],"up":[{"embeddable":true,"href":"https:\/\/vilkuva.lt\/cms\/index.php\/wp-json\/wp\/v2\/pages\/83"}],"wp:attachment":[{"href":"https:\/\/vilkuva.lt\/cms\/index.php\/wp-json\/wp\/v2\/media?parent=356"}],"curies":[{"name":"wp","href":"https:\/\/api.w.org\/{rel}","templated":true}]}}