{"id":354,"date":"2019-04-29T12:35:02","date_gmt":"2019-04-29T09:35:02","guid":{"rendered":"http:\/\/t4s1556112681.sritis.lt\/cms\/?page_id=354"},"modified":"2019-05-23T16:30:47","modified_gmt":"2019-05-23T13:30:47","slug":"atnaujintas-modernizuotas-daugiabutis-kestucio-g-10-vilkaviskis","status":"publish","type":"page","link":"https:\/\/vilkuva.lt\/cms\/index.php\/renovacija-atnaujinimas\/83-2\/atnaujintas-modernizuotas-daugiabutis-kestucio-g-10-vilkaviskis\/","title":{"rendered":"Atnaujintas (modernizuotas) daugiabutis K\u0119stu\u010dio g. 10, Vilkavi\u0161kis"},"content":{"rendered":"<p><a href=\"http:\/\/vilkuva.lt\/cms\/wp-content\/uploads\/Kestucio_10.jpg\"><img fetchpriority=\"high\" decoding=\"async\" class=\"alignright wp-image-462 size-medium\" src=\"http:\/\/vilkuva.lt\/cms\/wp-content\/uploads\/Kestucio_10-300x202.jpg\" alt=\"\" width=\"300\" height=\"202\" srcset=\"https:\/\/vilkuva.lt\/cms\/wp-content\/uploads\/Kestucio_10-300x202.jpg 300w, https:\/\/vilkuva.lt\/cms\/wp-content\/uploads\/Kestucio_10-768x517.jpg 768w, https:\/\/vilkuva.lt\/cms\/wp-content\/uploads\/Kestucio_10-660x445.jpg 660w, https:\/\/vilkuva.lt\/cms\/wp-content\/uploads\/Kestucio_10.jpg 996w\" sizes=\"(max-width: 300px) 100vw, 300px\" \/><\/a>Adresas: <strong>K\u0119stu\u010dio g. 10, Vilkavi\u0161kis<\/strong><\/p>\n<p>Duomenys: <strong>4 auk\u0161t\u0173, 24 but\u0173 ir (ar) kit\u0173 patalp\u0173 gyvenamasis namas<\/strong><\/p>\n<p>Namas pastatytas: <strong>1967 m<\/strong><\/p>\n<p>Namo naudingasis plotas: <strong>1018,45<\/strong><strong> m\u00b2<\/strong><\/p>\n<p>Atnaujinimo (modernizavimo) darbai baigti: <strong>2015-12-18<\/strong><\/p>\n<p>Lengvatinio kredito l\u0117\u0161omis apmok\u0117t\u0173 vis\u0173 statybos darb\u0173 vert\u0117: <strong>275.259,50 Eur<\/strong><\/p>\n<p>Suteikta valstyb\u0117s parama energij\u0105 taupan\u010dioms priemon\u0117ms: <strong>104.890,65 Eur <\/strong><\/p>\n<p>Pastato energinio naudingumo klas\u0117 po modernizavimo: <strong>C<\/strong><\/p>\n<p>Rangovas: <strong>UAB &#8222;Vilkasta&#8221;<\/strong><\/p>\n<p>Statybos techninis pri\u017ei\u016br\u0117tojas: <strong>UAB &#8222;Prie L\u0117vens&#8221;<\/strong><\/p>\n<p>&nbsp;<\/p>\n<p><a href=\"http:\/\/www.vilkuva.lt\/cms\/ENS\/ENS_po_modernizavimo_Kestucio_10.pdf\"><strong>Pastato energinio naudingumo sertifikatas po modernizavimo<\/strong><\/a><\/p>\n","protected":false},"excerpt":{"rendered":"<p>Adresas: K\u0119stu\u010dio g. 10, Vilkavi\u0161kis Duomenys: 4 auk\u0161t\u0173, 24 but\u0173 ir (ar) kit\u0173 patalp\u0173 gyvenamasis namas Namas pastatytas: 1967 m Namo naudingasis plotas: 1018,45 m\u00b2 Atnaujinimo (modernizavimo) darbai baigti: 2015-12-18 Lengvatinio kredito l\u0117\u0161omis apmok\u0117t\u0173 vis\u0173 statybos darb\u0173 vert\u0117: 275.259,50 Eur Suteikta valstyb\u0117s parama energij\u0105 taupan\u010dioms priemon\u0117ms: 104.890,65 Eur Pastato energinio naudingumo klas\u0117 po modernizavimo: C\u2026 <span class=\"read-more\"><a href=\"https:\/\/vilkuva.lt\/cms\/index.php\/renovacija-atnaujinimas\/83-2\/atnaujintas-modernizuotas-daugiabutis-kestucio-g-10-vilkaviskis\/\">Skaityti toliau &raquo;<\/a><\/span><\/p>\n","protected":false},"author":1,"featured_media":0,"parent":83,"menu_order":0,"comment_status":"closed","ping_status":"closed","template":"page-templates\/full-width.php","meta":[],"_links":{"self":[{"href":"https:\/\/vilkuva.lt\/cms\/index.php\/wp-json\/wp\/v2\/pages\/354"}],"collection":[{"href":"https:\/\/vilkuva.lt\/cms\/index.php\/wp-json\/wp\/v2\/pages"}],"about":[{"href":"https:\/\/vilkuva.lt\/cms\/index.php\/wp-json\/wp\/v2\/types\/page"}],"author":[{"embeddable":true,"href":"https:\/\/vilkuva.lt\/cms\/index.php\/wp-json\/wp\/v2\/users\/1"}],"replies":[{"embeddable":true,"href":"https:\/\/vilkuva.lt\/cms\/index.php\/wp-json\/wp\/v2\/comments?post=354"}],"version-history":[{"count":4,"href":"https:\/\/vilkuva.lt\/cms\/index.php\/wp-json\/wp\/v2\/pages\/354\/revisions"}],"predecessor-version":[{"id":478,"href":"https:\/\/vilkuva.lt\/cms\/index.php\/wp-json\/wp\/v2\/pages\/354\/revisions\/478"}],"up":[{"embeddable":true,"href":"https:\/\/vilkuva.lt\/cms\/index.php\/wp-json\/wp\/v2\/pages\/83"}],"wp:attachment":[{"href":"https:\/\/vilkuva.lt\/cms\/index.php\/wp-json\/wp\/v2\/media?parent=354"}],"curies":[{"name":"wp","href":"https:\/\/api.w.org\/{rel}","templated":true}]}}