{"id":319,"date":"2019-04-29T11:55:11","date_gmt":"2019-04-29T08:55:11","guid":{"rendered":"http:\/\/t4s1556112681.sritis.lt\/cms\/?page_id=319"},"modified":"2019-04-29T11:55:11","modified_gmt":"2019-04-29T08:55:11","slug":"statybininku-g-9-vilkaviskis","status":"publish","type":"page","link":"https:\/\/vilkuva.lt\/cms\/index.php\/klientams\/administruojami-objektai\/statybininku-g-9-vilkaviskis\/","title":{"rendered":"Statybinink\u0173 g. 9, Vilkavi\u0161kis"},"content":{"rendered":"<p><u>Namo techniniai rodikliai:<\/u><\/p>\n<p>&nbsp;<\/p>\n<p>statybos metai \u2013 1975;<\/p>\n<p>but\u0173 skai\u010dius &#8211; 6;<\/p>\n<p>naudingasis plotas \u2013 444,70 kv.m.;<\/p>\n<p>laiptini\u0173 skai\u010dius \u2013 1;<\/p>\n<p>but\u0173 i\u0161d\u0117stymas laiptin\u0117se \u2013 (1-6);<\/p>\n<p>auk\u0161t\u0173 skai\u010dius \u2013 2;<\/p>\n<p>&nbsp;<\/p>\n<p><a href=\"http:\/\/www.vilkuva.lt\/cms\/Ataskaita2011\/statybininku9.pdf\"><strong>Administratoriaus veiklos ataskaita u\u017e pra\u0117jusius metus<\/strong><\/a><\/p>\n","protected":false},"excerpt":{"rendered":"<p>Namo techniniai rodikliai: &nbsp; statybos metai \u2013 1975; but\u0173 skai\u010dius &#8211; 6; naudingasis plotas \u2013 444,70 kv.m.; laiptini\u0173 skai\u010dius \u2013 1; but\u0173 i\u0161d\u0117stymas laiptin\u0117se \u2013 (1-6); auk\u0161t\u0173 skai\u010dius \u2013 2; &nbsp; Administratoriaus veiklos ataskaita u\u017e pra\u0117jusius metus<\/p>\n","protected":false},"author":1,"featured_media":0,"parent":121,"menu_order":0,"comment_status":"closed","ping_status":"closed","template":"","meta":[],"_links":{"self":[{"href":"https:\/\/vilkuva.lt\/cms\/index.php\/wp-json\/wp\/v2\/pages\/319"}],"collection":[{"href":"https:\/\/vilkuva.lt\/cms\/index.php\/wp-json\/wp\/v2\/pages"}],"about":[{"href":"https:\/\/vilkuva.lt\/cms\/index.php\/wp-json\/wp\/v2\/types\/page"}],"author":[{"embeddable":true,"href":"https:\/\/vilkuva.lt\/cms\/index.php\/wp-json\/wp\/v2\/users\/1"}],"replies":[{"embeddable":true,"href":"https:\/\/vilkuva.lt\/cms\/index.php\/wp-json\/wp\/v2\/comments?post=319"}],"version-history":[{"count":1,"href":"https:\/\/vilkuva.lt\/cms\/index.php\/wp-json\/wp\/v2\/pages\/319\/revisions"}],"predecessor-version":[{"id":320,"href":"https:\/\/vilkuva.lt\/cms\/index.php\/wp-json\/wp\/v2\/pages\/319\/revisions\/320"}],"up":[{"embeddable":true,"href":"https:\/\/vilkuva.lt\/cms\/index.php\/wp-json\/wp\/v2\/pages\/121"}],"wp:attachment":[{"href":"https:\/\/vilkuva.lt\/cms\/index.php\/wp-json\/wp\/v2\/media?parent=319"}],"curies":[{"name":"wp","href":"https:\/\/api.w.org\/{rel}","templated":true}]}}