{"id":293,"date":"2019-04-29T11:49:06","date_gmt":"2019-04-29T08:49:06","guid":{"rendered":"http:\/\/t4s1556112681.sritis.lt\/cms\/?page_id=293"},"modified":"2019-04-29T11:49:06","modified_gmt":"2019-04-29T08:49:06","slug":"pilviskiu-g-27-vilkaviskis","status":"publish","type":"page","link":"https:\/\/vilkuva.lt\/cms\/index.php\/klientams\/administruojami-objektai\/pilviskiu-g-27-vilkaviskis\/","title":{"rendered":"Pilvi\u0161ki\u0173 g. 27, Vilkavi\u0161kis"},"content":{"rendered":"<p><u>Namo techniniai rodikliai:<\/u><\/p>\n<p>&nbsp;<\/p>\n<p>statybos metai \u2013 1994;<\/p>\n<p>but\u0173 skai\u010dius &#8211; 90;<\/p>\n<p>naudingasis plotas \u2013 4919,38 kv.m.;<\/p>\n<p>laiptini\u0173 skai\u010dius \u2013 4;<\/p>\n<p>but\u0173 i\u0161d\u0117stymas laiptin\u0117se \u2013 ;<\/p>\n<p>auk\u0161t\u0173 skai\u010dius \u2013 6;<\/p>\n<p>&nbsp;<\/p>\n<p><a href=\"http:\/\/www.vilkuva.lt\/cms\/Ataskaita2011\/pilviskiu27.pdf\"><strong>Administratoriaus veiklos ataskaita u\u017e pra\u0117jusius metus<\/strong><\/a><\/p>\n","protected":false},"excerpt":{"rendered":"<p>Namo techniniai rodikliai: &nbsp; statybos metai \u2013 1994; but\u0173 skai\u010dius &#8211; 90; naudingasis plotas \u2013 4919,38 kv.m.; laiptini\u0173 skai\u010dius \u2013 4; but\u0173 i\u0161d\u0117stymas laiptin\u0117se \u2013 ; auk\u0161t\u0173 skai\u010dius \u2013 6; &nbsp; Administratoriaus veiklos ataskaita u\u017e pra\u0117jusius metus<\/p>\n","protected":false},"author":1,"featured_media":0,"parent":121,"menu_order":0,"comment_status":"closed","ping_status":"closed","template":"","meta":[],"_links":{"self":[{"href":"https:\/\/vilkuva.lt\/cms\/index.php\/wp-json\/wp\/v2\/pages\/293"}],"collection":[{"href":"https:\/\/vilkuva.lt\/cms\/index.php\/wp-json\/wp\/v2\/pages"}],"about":[{"href":"https:\/\/vilkuva.lt\/cms\/index.php\/wp-json\/wp\/v2\/types\/page"}],"author":[{"embeddable":true,"href":"https:\/\/vilkuva.lt\/cms\/index.php\/wp-json\/wp\/v2\/users\/1"}],"replies":[{"embeddable":true,"href":"https:\/\/vilkuva.lt\/cms\/index.php\/wp-json\/wp\/v2\/comments?post=293"}],"version-history":[{"count":1,"href":"https:\/\/vilkuva.lt\/cms\/index.php\/wp-json\/wp\/v2\/pages\/293\/revisions"}],"predecessor-version":[{"id":294,"href":"https:\/\/vilkuva.lt\/cms\/index.php\/wp-json\/wp\/v2\/pages\/293\/revisions\/294"}],"up":[{"embeddable":true,"href":"https:\/\/vilkuva.lt\/cms\/index.php\/wp-json\/wp\/v2\/pages\/121"}],"wp:attachment":[{"href":"https:\/\/vilkuva.lt\/cms\/index.php\/wp-json\/wp\/v2\/media?parent=293"}],"curies":[{"name":"wp","href":"https:\/\/api.w.org\/{rel}","templated":true}]}}