{"id":241,"date":"2019-04-29T11:21:27","date_gmt":"2019-04-29T08:21:27","guid":{"rendered":"http:\/\/t4s1556112681.sritis.lt\/cms\/?page_id=241"},"modified":"2019-04-29T11:21:27","modified_gmt":"2019-04-29T08:21:27","slug":"kestucio-g-10-vilkaviskis","status":"publish","type":"page","link":"https:\/\/vilkuva.lt\/cms\/index.php\/klientams\/administruojami-objektai\/kestucio-g-10-vilkaviskis\/","title":{"rendered":"K\u0119stu\u010dio g. 10, Vilkavi\u0161kis"},"content":{"rendered":"<p><u>Namo techniniai rodikliai:<\/u><\/p>\n<p>&nbsp;<\/p>\n<p>statybos metai \u2013 1967;<\/p>\n<p>but\u0173 skai\u010dius &#8211; 24;<\/p>\n<p>naudingasis plotas \u2013 1019,45 kv.m.;<\/p>\n<p>laiptini\u0173 skai\u010dius \u2013 2;<\/p>\n<p>but\u0173 i\u0161d\u0117stymas laiptin\u0117se \u2013 ;<\/p>\n<p>auk\u0161t\u0173 skai\u010dius \u2013 4;<\/p>\n<p>&nbsp;<\/p>\n<p><a href=\"http:\/\/www.vilkuva.lt\/cms\/Ataskaita2011\/kestucio10.pdf\"><strong>Administratoriaus veiklos ataskaita u\u017e pra\u0117jusius metus<\/strong><\/a><\/p>\n","protected":false},"excerpt":{"rendered":"<p>Namo techniniai rodikliai: &nbsp; statybos metai \u2013 1967; but\u0173 skai\u010dius &#8211; 24; naudingasis plotas \u2013 1019,45 kv.m.; laiptini\u0173 skai\u010dius \u2013 2; but\u0173 i\u0161d\u0117stymas laiptin\u0117se \u2013 ; auk\u0161t\u0173 skai\u010dius \u2013 4; &nbsp; Administratoriaus veiklos ataskaita u\u017e pra\u0117jusius metus<\/p>\n","protected":false},"author":1,"featured_media":0,"parent":121,"menu_order":0,"comment_status":"closed","ping_status":"closed","template":"","meta":[],"_links":{"self":[{"href":"https:\/\/vilkuva.lt\/cms\/index.php\/wp-json\/wp\/v2\/pages\/241"}],"collection":[{"href":"https:\/\/vilkuva.lt\/cms\/index.php\/wp-json\/wp\/v2\/pages"}],"about":[{"href":"https:\/\/vilkuva.lt\/cms\/index.php\/wp-json\/wp\/v2\/types\/page"}],"author":[{"embeddable":true,"href":"https:\/\/vilkuva.lt\/cms\/index.php\/wp-json\/wp\/v2\/users\/1"}],"replies":[{"embeddable":true,"href":"https:\/\/vilkuva.lt\/cms\/index.php\/wp-json\/wp\/v2\/comments?post=241"}],"version-history":[{"count":1,"href":"https:\/\/vilkuva.lt\/cms\/index.php\/wp-json\/wp\/v2\/pages\/241\/revisions"}],"predecessor-version":[{"id":242,"href":"https:\/\/vilkuva.lt\/cms\/index.php\/wp-json\/wp\/v2\/pages\/241\/revisions\/242"}],"up":[{"embeddable":true,"href":"https:\/\/vilkuva.lt\/cms\/index.php\/wp-json\/wp\/v2\/pages\/121"}],"wp:attachment":[{"href":"https:\/\/vilkuva.lt\/cms\/index.php\/wp-json\/wp\/v2\/media?parent=241"}],"curies":[{"name":"wp","href":"https:\/\/api.w.org\/{rel}","templated":true}]}}