{"id":196,"date":"2019-04-29T10:23:17","date_gmt":"2019-04-29T07:23:17","guid":{"rendered":"http:\/\/t4s1556112681.sritis.lt\/cms\/?page_id=196"},"modified":"2019-04-29T10:52:04","modified_gmt":"2019-04-29T07:52:04","slug":"ausros-g-10-vilkaviskis","status":"publish","type":"page","link":"https:\/\/vilkuva.lt\/cms\/index.php\/klientams\/administruojami-objektai\/ausros-g-10-vilkaviskis\/","title":{"rendered":"Au\u0161ros g. 10, Vilkavi\u0161kis"},"content":{"rendered":"<p><u>Namo techniniai rodikliai:<\/u><\/p>\n<p>&nbsp;<\/p>\n<p>statybos metai \u2013 1990;<\/p>\n<p>but\u0173 skai\u010dius &#8211; 40;<\/p>\n<p>naudingasis plotas &#8211; 2298,63 kv.m.;<\/p>\n<p>laiptini\u0173 skai\u010dius \u2013 3;<\/p>\n<p>but\u0173 i\u0161d\u0117stymas laiptin\u0117se \u2013 (1-15) &#8211; (16-25) &#8211; (26-40);<\/p>\n<p>auk\u0161t\u0173 skai\u010dius \u2013 5;<\/p>\n<p>&nbsp;<\/p>\n<p><a href=\"http:\/\/www.vilkuva.lt\/cms\/Ataskaita2011\/Ausros10.pdf\"><strong>Administratoriaus veiklos ataskaita u\u017e pra\u0117jusius metus<\/strong><\/a><\/p>\n","protected":false},"excerpt":{"rendered":"<p>Namo techniniai rodikliai: &nbsp; statybos metai \u2013 1990; but\u0173 skai\u010dius &#8211; 40; naudingasis plotas &#8211; 2298,63 kv.m.; laiptini\u0173 skai\u010dius \u2013 3; but\u0173 i\u0161d\u0117stymas laiptin\u0117se \u2013 (1-15) &#8211; (16-25) &#8211; (26-40); auk\u0161t\u0173 skai\u010dius \u2013 5; &nbsp; Administratoriaus veiklos ataskaita u\u017e pra\u0117jusius metus<\/p>\n","protected":false},"author":1,"featured_media":0,"parent":121,"menu_order":0,"comment_status":"closed","ping_status":"closed","template":"","meta":[],"_links":{"self":[{"href":"https:\/\/vilkuva.lt\/cms\/index.php\/wp-json\/wp\/v2\/pages\/196"}],"collection":[{"href":"https:\/\/vilkuva.lt\/cms\/index.php\/wp-json\/wp\/v2\/pages"}],"about":[{"href":"https:\/\/vilkuva.lt\/cms\/index.php\/wp-json\/wp\/v2\/types\/page"}],"author":[{"embeddable":true,"href":"https:\/\/vilkuva.lt\/cms\/index.php\/wp-json\/wp\/v2\/users\/1"}],"replies":[{"embeddable":true,"href":"https:\/\/vilkuva.lt\/cms\/index.php\/wp-json\/wp\/v2\/comments?post=196"}],"version-history":[{"count":4,"href":"https:\/\/vilkuva.lt\/cms\/index.php\/wp-json\/wp\/v2\/pages\/196\/revisions"}],"predecessor-version":[{"id":220,"href":"https:\/\/vilkuva.lt\/cms\/index.php\/wp-json\/wp\/v2\/pages\/196\/revisions\/220"}],"up":[{"embeddable":true,"href":"https:\/\/vilkuva.lt\/cms\/index.php\/wp-json\/wp\/v2\/pages\/121"}],"wp:attachment":[{"href":"https:\/\/vilkuva.lt\/cms\/index.php\/wp-json\/wp\/v2\/media?parent=196"}],"curies":[{"name":"wp","href":"https:\/\/api.w.org\/{rel}","templated":true}]}}