{"id":121,"date":"2019-04-26T11:33:38","date_gmt":"2019-04-26T08:33:38","guid":{"rendered":"http:\/\/t4s1556112681.sritis.lt\/cms\/?page_id=121"},"modified":"2024-03-28T15:53:17","modified_gmt":"2024-03-28T12:53:17","slug":"administruojami-objektai","status":"publish","type":"page","link":"https:\/\/vilkuva.lt\/cms\/index.php\/klientams\/administruojami-objektai\/","title":{"rendered":"Administruojami objektai"},"content":{"rendered":"<p>Pasirinkite administruojam\u0105 objekt\u0105 i\u0161 \u017eemiau esan\u010dio\u00a0s\u0105ra\u0161o :<\/p>\n<p><a href=\"http:\/\/vilkuva.lt\/cms\/index.php\/klientams\/administruojami-objektai\/ausros-g-10-vilkaviskis\/\">Au\u0161ros g. 2<\/a><a href=\"http:\/\/vilkuva.lt\/cms\/index.php\/klientams\/administruojami-objektai\/ausros-g-2-vilkaviskis\/\">, Vilkavi\u0161kis<\/a><\/p>\n<p><a href=\"http:\/\/vilkuva.lt\/cms\/index.php\/klientams\/administruojami-objektai\/ausros-g-4-vilkaviskis\/\">Au\u0161ros g. 4, Vilkavi\u0161kis<\/a><\/p>\n<p><a href=\"http:\/\/vilkuva.lt\/cms\/index.php\/klientams\/administruojami-objektai\/ausros-g-10-vilkaviskis\/\">Au\u0161ros g. 10, Vilkavi\u0161kis<\/a><\/p>\n<p><a href=\"http:\/\/vilkuva.lt\/cms\/index.php\/klientams\/administruojami-objektai\/ausros-g-16-vilkaviskis\/\">Au\u0161ros g. 16, Vilkavi\u0161kis<\/a><\/p>\n<p><a href=\"http:\/\/vilkuva.lt\/cms\/index.php\/klientams\/administruojami-objektai\/basanaviciaus-a-2-vilkaviskis\/\">Basanavi\u010diaus a. 2, Vilkavi\u0161kis<\/a><\/p>\n<p><a href=\"http:\/\/vilkuva.lt\/cms\/index.php\/klientams\/administruojami-objektai\/basanaviciaus-a-4-vilkaviskis\/\">Basanavi\u010diaus a. 4, Vilkavi\u0161kis<\/a><\/p>\n<p><a href=\"http:\/\/vilkuva.lt\/cms\/index.php\/klientams\/administruojami-objektai\/basanaviciaus-g-4-vilkaviskis\/\">Basanavi\u010diaus g. 4, Vilkavi\u0161kis<\/a><\/p>\n<p><a href=\"http:\/\/vilkuva.lt\/cms\/index.php\/klientams\/administruojami-objektai\/basanaviciaus-g-6-vilkaviskis\/\">Basanavi\u010diaus g. 6, Vilkavi\u0161kis<\/a><\/p>\n<p><a href=\"http:\/\/vilkuva.lt\/cms\/index.php\/klientams\/administruojami-objektai\/birutes-g-2-vilkaviskis\/\">Birut\u0117s g. 2, Vilkavi\u0161kis<\/a><\/p>\n<p><a href=\"http:\/\/vilkuva.lt\/cms\/index.php\/klientams\/administruojami-objektai\/birutes-g-4-vilkaviskis\/\">Birut\u0117s g. 4, Vilkavi\u0161kis<\/a><\/p>\n<p><a href=\"http:\/\/vilkuva.lt\/cms\/index.php\/klientams\/administruojami-objektai\/birutes-g-6-vilkaviskis\/\">Birut\u0117s g. 6, Vilkavi\u0161kis<\/a><\/p>\n<p><a href=\"http:\/\/vilkuva.lt\/cms\/index.php\/klientams\/administruojami-objektai\/dvaro-g-23-paezeriai-vilkaviskio-raj\/\">Dvaro g. 23, Pae\u017eeriai, Vilkavi\u0161kio raj.<\/a><\/p>\n<p><a href=\"http:\/\/vilkuva.lt\/cms\/index.php\/klientams\/administruojami-objektai\/gedimino-g-10-vilkaviskis\/\">Gedimino g. 10, Vilkavi\u0161kis<\/a><\/p>\n<p><a href=\"http:\/\/vilkuva.lt\/cms\/index.php\/klientams\/administruojami-objektai\/gedimino-g-11-vilkaviskis\/\">Gedimino g. 11, Vilkavi\u0161kis<\/a><\/p>\n<p><a href=\"http:\/\/vilkuva.lt\/cms\/index.php\/klientams\/administruojami-objektai\/gedimino-g-12-vilkaviskis\/\">Gedimino g. 12, Vilkavi\u0161kis<\/a><\/p>\n<p><a href=\"http:\/\/vilkuva.lt\/cms\/index.php\/klientams\/administruojami-objektai\/gedimino-g-13-vilkaviskis\/\">Gedimino g. 13, Vilkavi\u0161kis<\/a><\/p>\n<p><a href=\"http:\/\/vilkuva.lt\/cms\/index.php\/klientams\/administruojami-objektai\/gedimino-g-14-vilkaviskis\/\">Gedimino g. 14, Vilkavi\u0161kis<\/a><\/p>\n<p><a href=\"http:\/\/vilkuva.lt\/cms\/index.php\/klientams\/administruojami-objektai\/gedimino-g-15-vilkaviskis\/\">Gedimino g. 15, Vilkavi\u0161kis<\/a><\/p>\n<p><a href=\"http:\/\/vilkuva.lt\/cms\/index.php\/klientams\/administruojami-objektai\/gedimino-g-2-vilkaviskis\/\">Gedimino g. 2, Vilkavi\u0161kis<\/a><\/p>\n<p><a href=\"http:\/\/vilkuva.lt\/cms\/index.php\/klientams\/administruojami-objektai\/gedimino-g-4-vilkaviskis\/\">Gedimino g. 4, Vilkavi\u0161kis<\/a><\/p>\n<p><a href=\"http:\/\/vilkuva.lt\/cms\/index.php\/klientams\/administruojami-objektai\/gedimino-g-9-vilkaviskis\/\">Gedimino g. 9, Vilkavi\u0161kis<\/a><\/p>\n<p><a href=\"http:\/\/vilkuva.lt\/cms\/index.php\/klientams\/administruojami-objektai\/kestucio-g-2-vilkaviskis\/\">K\u0119stu\u010dio g. 2, Vilkavi\u0161kis<\/a><\/p>\n<p><a href=\"http:\/\/vilkuva.lt\/cms\/index.php\/klientams\/administruojami-objektai\/kestucio-g-4-vilkaviskis\/\">K\u0119stu\u010dio g. 4, Vilkavi\u0161kis<\/a><\/p>\n<p><a href=\"http:\/\/vilkuva.lt\/cms\/index.php\/klientams\/administruojami-objektai\/kestucio-g-9-vilkaviskis\/\">K\u0119stu\u010dio g. 9, Vilkavi\u0161kis<\/a><\/p>\n<p><a href=\"http:\/\/vilkuva.lt\/cms\/index.php\/klientams\/administruojami-objektai\/kestucio-g-10-vilkaviskis\/\">K\u0119stu\u010dio g. 10, Vilkavi\u0161kis<\/a><\/p>\n<p><a href=\"http:\/\/vilkuva.lt\/cms\/index.php\/klientams\/administruojami-objektai\/kestucio-g-11-vilkaviskis\/\">K\u0119stu\u010dio g. 11, Vilkavi\u0161kis<\/a><\/p>\n<p><a href=\"http:\/\/vilkuva.lt\/cms\/index.php\/klientams\/administruojami-objektai\/lauko-g-26-vilkaviskis\/\">Lauko g. 26, Vilkavi\u0161kis<\/a><\/p>\n<p><a href=\"http:\/\/vilkuva.lt\/cms\/index.php\/klientams\/administruojami-objektai\/lauko-g-28-vilkaviskis\/\">Lauko g. 28, Vilkavi\u0161kis<\/a><\/p>\n<p><a href=\"http:\/\/vilkuva.lt\/cms\/index.php\/klientams\/administruojami-objektai\/lauko-g-32-vilkaviskis\/\">Lauko g. 32, Vilkavi\u0161kis<\/a><\/p>\n<p><a href=\"http:\/\/vilkuva.lt\/cms\/index.php\/klientams\/administruojami-objektai\/lauko-g-42-vilkaviskis\/\">Lauko g. 26A, Vilkavi\u0161kis<\/a><\/p>\n<p><a href=\"http:\/\/vilkuva.lt\/cms\/index.php\/klientams\/administruojami-objektai\/lauko-g-44-vilkaviskis\/\">Lauko g. 28B, Vilkavi\u0161kis<\/a><\/p>\n<p><a href=\"http:\/\/vilkuva.lt\/cms\/index.php\/klientams\/administruojami-objektai\/lauko-g-30a-vilkaviskis\/\">Lauko g. 30A, Vilkavi\u0161kis<\/a><\/p>\n<p><a href=\"http:\/\/vilkuva.lt\/cms\/index.php\/klientams\/administruojami-objektai\/maironio-g-3-vilkaviskis\/\">Maironio g. 3, Vilkavi\u0161kis<\/a><\/p>\n<p><a href=\"http:\/\/vilkuva.lt\/cms\/index.php\/klientams\/administruojami-objektai\/maironio-g-32-vilkaviskis\/\">Maironio g. 32, Vilkavi\u0161kis<\/a><\/p>\n<p><a href=\"http:\/\/vilkuva.lt\/cms\/index.php\/klientams\/administruojami-objektai\/maironio-g-30-vilkaviskis\/\">Maironio g. 30, Vilkavi\u0161kis<\/a><\/p>\n<p><a href=\"http:\/\/vilkuva.lt\/cms\/index.php\/klientams\/administruojami-objektai\/nepriklausomybes-g-35-vilkaviskis\/\">Nepriklausomyb\u0117s g. 35, Vilkavi\u0161kis<\/a><\/p>\n<p><a href=\"http:\/\/vilkuva.lt\/cms\/index.php\/klientams\/administruojami-objektai\/nepriklausomybes-g-37-vilkaviskis\/\">Nepriklausomyb\u0117s g. 37, Vilkavi\u0161kis<\/a><\/p>\n<p><a href=\"http:\/\/vilkuva.lt\/cms\/index.php\/klientams\/administruojami-objektai\/nepriklausomybes-g-50-vilkaviskis\/\">Nepriklausomyb\u0117s g. 50, Vilkavi\u0161kis<\/a><\/p>\n<p><a href=\"http:\/\/vilkuva.lt\/cms\/index.php\/klientams\/administruojami-objektai\/nepriklausomybes-g-60-vilkaviskis\/\">Nepriklausomyb\u0117s g. 60, Vilkavi\u0161kis<\/a><\/p>\n<p><a href=\"http:\/\/vilkuva.lt\/cms\/index.php\/klientams\/administruojami-objektai\/nepriklausomybes-g-62-vilkaviskis\/\">Nepriklausomyb\u0117s g. 62, Vilkavi\u0161kis<\/a><\/p>\n<p><a href=\"http:\/\/vilkuva.lt\/cms\/index.php\/klientams\/administruojami-objektai\/nepriklausomybes-g-64-vilkaviskis\/\">Nepriklausomyb\u0117s g. 64, Vilkavi\u0161kis<\/a><\/p>\n<p><a href=\"http:\/\/vilkuva.lt\/cms\/index.php\/klientams\/administruojami-objektai\/nepriklausomybes-g-66-vilkaviskis-2\/\">Nepriklausomyb\u0117s g. 66, Vilkavi\u0161kis<\/a><\/p>\n<p><a href=\"http:\/\/vilkuva.lt\/cms\/index.php\/klientams\/administruojami-objektai\/nepriklausomybes-g-70-vilkaviskis\/\">Nepriklausomyb\u0117s g. 70, Vilkavi\u0161kis<\/a><\/p>\n<p><a href=\"http:\/\/vilkuva.lt\/cms\/index.php\/klientams\/administruojami-objektai\/nepriklausomybes-g-74-vilkaviskis\/\">Nepriklausomyb\u0117s g. 74, Vilkavi\u0161kis<\/a><\/p>\n<p><a href=\"http:\/\/vilkuva.lt\/cms\/index.php\/klientams\/administruojami-objektai\/nepriklausomybes-g-80-vilkaviskis\/\">Nepriklausomyb\u0117s g. 80, Vilkavi\u0161kis<\/a><\/p>\n<p><a href=\"http:\/\/vilkuva.lt\/cms\/index.php\/klientams\/administruojami-objektai\/nepriklausomybes-g-84-vilkaviskis\/\">Nepriklausomyb\u0117s g. 84, Vilkavi\u0161kis<\/a><\/p>\n<p><a href=\"http:\/\/vilkuva.lt\/cms\/index.php\/klientams\/administruojami-objektai\/pietario-g-8-vilkaviskis\/\">Pietario g. 8, Vilkavi\u0161kis<\/a><\/p>\n<p><a href=\"http:\/\/vilkuva.lt\/cms\/index.php\/klientams\/administruojami-objektai\/pilviskiu-g-27-vilkaviskis\/\">Pilvi\u0161ki\u0173 g. 27, Vilkavi\u0161kis<\/a><\/p>\n<p><a href=\"http:\/\/vilkuva.lt\/cms\/index.php\/klientams\/administruojami-objektai\/pilviskiu-g-33-vilkaviskis\/\">Pilvi\u0161ki\u0173 g. 33, Vilkavi\u0161kis<\/a><\/p>\n<p><a href=\"http:\/\/vilkuva.lt\/cms\/index.php\/klientams\/administruojami-objektai\/s-neries-g-16-vilkaviskis\/\">S.N\u0117ries g. 16, Vilkavi\u0161kis<\/a><\/p>\n<p><a href=\"http:\/\/vilkuva.lt\/cms\/index.php\/klientams\/administruojami-objektai\/s-neries-g-31b-vilkaviskis\/\">S.N\u0117ries g. 31b, Vilkavi\u0161kis<\/a><\/p>\n<p><a href=\"http:\/\/vilkuva.lt\/cms\/index.php\/klientams\/administruojami-objektai\/s-neries-g-33a-vilkaviskis\/\">S.N\u0117ries g. 33a, Vilkavi\u0161kis<\/a><\/p>\n<p><a href=\"http:\/\/vilkuva.lt\/cms\/index.php\/klientams\/administruojami-objektai\/s-neries-33b-vilkaviskis\/\">S.N\u0117ries g. 33b, Vilkavi\u0161kis<\/a><\/p>\n<p><a href=\"http:\/\/vilkuva.lt\/cms\/index.php\/klientams\/administruojami-objektai\/s-neries-g-33c-vilkaviskis\/\">S.N\u0117ries g. 33c, Vilkavi\u0161kis<\/a><\/p>\n<p><a href=\"http:\/\/vilkuva.lt\/cms\/index.php\/klientams\/administruojami-objektai\/s-neries-g-42-vilkaviskis\/\">S.N\u0117ries g. 42, Vilkavi\u0161kis<\/a><\/p>\n<p><a href=\"http:\/\/vilkuva.lt\/cms\/index.php\/klientams\/administruojami-objektai\/s-neries-g-44-vilkaviskis\/\">S.N\u0117ries g. 44, Vilkavi\u0161kis<\/a><\/p>\n<p><a href=\"http:\/\/vilkuva.lt\/cms\/index.php\/klientams\/administruojami-objektai\/sodu-g-3-vilkaviskis\/\">Sod\u0173 g. 3, Vilkavi\u0161kis<\/a><\/p>\n<p><a href=\"http:\/\/vilkuva.lt\/cms\/index.php\/klientams\/administruojami-objektai\/statybininku-g-2-vilkaviskis\/\">Statybinink\u0173 g. 2, Vilkavi\u0161kis<\/a><\/p>\n<p><a href=\"http:\/\/vilkuva.lt\/cms\/index.php\/klientams\/administruojami-objektai\/statybininku-g-4-vilkaviskis\/\">Statybinink\u0173 g. 4, Vilkavi\u0161kis<\/a><\/p>\n<p><a href=\"https:\/\/vilkuva.lt\/cms\/index.php\/klientams\/administruojami-objektai\/1073-2\/\">Statybinink\u0173 g. 6, Vilkavi\u0161kis<\/a><\/p>\n<p><a href=\"http:\/\/vilkuva.lt\/cms\/index.php\/klientams\/administruojami-objektai\/statybininku-g-7-vilkaviskis\/\">Statybinink\u0173 g. 7, Vilkavi\u0161kis<\/a><\/p>\n<p><a href=\"http:\/\/vilkuva.lt\/cms\/index.php\/klientams\/administruojami-objektai\/statybininku-g-8-vilkaviskis\/\">Statybinink\u0173 g. 8, Vilkavi\u0161kis<\/a><\/p>\n<p><a href=\"http:\/\/vilkuva.lt\/cms\/index.php\/klientams\/administruojami-objektai\/statybininku-g-9-vilkaviskis\/\">Statybinink\u0173 g. 9, Vilkavi\u0161kis<\/a><\/p>\n<p><a href=\"http:\/\/vilkuva.lt\/cms\/index.php\/klientams\/administruojami-objektai\/tylos-g-1a-vilkaviskis\/\">Tylos g. 1a, Vilkavi\u0161kis<\/a><\/p>\n<p><a href=\"http:\/\/vilkuva.lt\/cms\/index.php\/klientams\/administruojami-objektai\/vienybes-g-27-vilkaviskis\/\">Vienyb\u0117s g. 27, Vilkavi\u0161kis<\/a><\/p>\n<p><a href=\"http:\/\/vilkuva.lt\/cms\/index.php\/klientams\/administruojami-objektai\/vienybes-g-70-vilkaviskis\/\">Vienyb\u0117s g. 70, Vilkavi\u0161kis<\/a><\/p>\n<p><a href=\"http:\/\/vilkuva.lt\/cms\/index.php\/klientams\/administruojami-objektai\/vienybes-g-72-vilkaviskis\/\">Vienyb\u0117s g. 72, Vilkavi\u0161kis<\/a><\/p>\n<p><a href=\"http:\/\/vilkuva.lt\/cms\/index.php\/klientams\/administruojami-objektai\/vilniaus-g-2-vilkaviskis\/\">Vilniaus g. 2, Vilkavi\u0161kis<\/a><\/p>\n<p><a href=\"http:\/\/vilkuva.lt\/cms\/index.php\/klientams\/administruojami-objektai\/vilniaus-g-4-vilkaviskis\/\">Vilniaus g. 4, Vilkavi\u0161kis<\/a><\/p>\n<p><a href=\"http:\/\/vilkuva.lt\/cms\/index.php\/klientams\/administruojami-objektai\/vilniaus-g-6-vilkaviskis\/\">Vilniaus g. 6, Vilkavi\u0161kis<\/a><\/p>\n<p><a href=\"http:\/\/vilkuva.lt\/cms\/index.php\/klientams\/administruojami-objektai\/vilniaus-g-8-vilkaviskis\/\">Vilniaus g. 8, Vilkavi\u0161kis<\/a><\/p>\n<p><a href=\"http:\/\/vilkuva.lt\/cms\/index.php\/klientams\/administruojami-objektai\/vysk-a-karoso-g-11-vilkaviskis\/\">Vysk. A. Karoso g. 11, Vilkavi\u0161kis<\/a><\/p>\n<p><a href=\"http:\/\/vilkuva.lt\/cms\/index.php\/klientams\/administruojami-objektai\/vysk-a-karoso-g-18-vilkaviskis\/\">Vysk. A. Karoso g. 18, Vilkavi\u0161kis<\/a><\/p>\n<p>&nbsp;<\/p>\n","protected":false},"excerpt":{"rendered":"<p>Pasirinkite administruojam\u0105 objekt\u0105 i\u0161 \u017eemiau esan\u010dio\u00a0s\u0105ra\u0161o : Au\u0161ros g. 2, Vilkavi\u0161kis Au\u0161ros g. 4, Vilkavi\u0161kis Au\u0161ros g. 10, Vilkavi\u0161kis Au\u0161ros g. 16, Vilkavi\u0161kis Basanavi\u010diaus a. 2, Vilkavi\u0161kis Basanavi\u010diaus a. 4, Vilkavi\u0161kis Basanavi\u010diaus g. 4, Vilkavi\u0161kis Basanavi\u010diaus g. 6, Vilkavi\u0161kis Birut\u0117s g. 2, Vilkavi\u0161kis Birut\u0117s g. 4, Vilkavi\u0161kis Birut\u0117s g. 6, Vilkavi\u0161kis Dvaro g. 23, Pae\u017eeriai,\u2026 <span class=\"read-more\"><a href=\"https:\/\/vilkuva.lt\/cms\/index.php\/klientams\/administruojami-objektai\/\">Skaityti toliau &raquo;<\/a><\/span><\/p>\n","protected":false},"author":1,"featured_media":0,"parent":89,"menu_order":3,"comment_status":"closed","ping_status":"closed","template":"","meta":[],"_links":{"self":[{"href":"https:\/\/vilkuva.lt\/cms\/index.php\/wp-json\/wp\/v2\/pages\/121"}],"collection":[{"href":"https:\/\/vilkuva.lt\/cms\/index.php\/wp-json\/wp\/v2\/pages"}],"about":[{"href":"https:\/\/vilkuva.lt\/cms\/index.php\/wp-json\/wp\/v2\/types\/page"}],"author":[{"embeddable":true,"href":"https:\/\/vilkuva.lt\/cms\/index.php\/wp-json\/wp\/v2\/users\/1"}],"replies":[{"embeddable":true,"href":"https:\/\/vilkuva.lt\/cms\/index.php\/wp-json\/wp\/v2\/comments?post=121"}],"version-history":[{"count":18,"href":"https:\/\/vilkuva.lt\/cms\/index.php\/wp-json\/wp\/v2\/pages\/121\/revisions"}],"predecessor-version":[{"id":1134,"href":"https:\/\/vilkuva.lt\/cms\/index.php\/wp-json\/wp\/v2\/pages\/121\/revisions\/1134"}],"up":[{"embeddable":true,"href":"https:\/\/vilkuva.lt\/cms\/index.php\/wp-json\/wp\/v2\/pages\/89"}],"wp:attachment":[{"href":"https:\/\/vilkuva.lt\/cms\/index.php\/wp-json\/wp\/v2\/media?parent=121"}],"curies":[{"name":"wp","href":"https:\/\/api.w.org\/{rel}","templated":true}]}}