{"id":1173,"date":"2026-02-19T11:25:04","date_gmt":"2026-02-19T08:25:04","guid":{"rendered":"https:\/\/vilkuva.lt\/cms\/?page_id=1173"},"modified":"2026-03-31T10:52:21","modified_gmt":"2026-03-31T07:52:21","slug":"atnaujinamas-modernizuojamas-daugiabutis-birutes-g-6-vilkaviskis","status":"publish","type":"page","link":"https:\/\/vilkuva.lt\/cms\/index.php\/renovacija-atnaujinimas\/85-2\/atnaujinamas-modernizuojamas-daugiabutis-birutes-g-6-vilkaviskis\/","title":{"rendered":"Atnaujinamas (modernizuojamas) daugiabutis Birut\u0117s g. 6, Vilkavi\u0161kis"},"content":{"rendered":"<p>&nbsp;<\/p>\n<p><strong><a href=\"http:\/\/www.vilkuva.lt\/cms\/IP13\/IP_Birutes_6_rengiamas.pdf\">Investicij\u0173 planas (bendra dalis)<\/a><\/strong><em>\u00a0<\/em><\/p>\n<p><strong><a href=\"http:\/\/www.vilkuva.lt\/cms\/IP13\/IP(paketai)_Birutes_6_rengiamas.pdf\">Investicij\u0173 planas (priemoni\u0173 paketai)<\/a><\/strong><em>\u00a0<\/em><\/p>\n<p>&nbsp;<\/p>\n<p>2026 kovo 27 dien\u0105 baig\u0117si but\u0173 ir kit\u0173 patalp\u0173 savinink\u0173 balsavimas ra\u0161tu d\u0117l namo atnaujinimo (modernizavimo) investicij\u0173 plano tvirtinimo, namo atnaujinimo (modernizavimo) projekto rengimo ir \u012fgyvendinimo s\u0105lyg\u0173.<\/p>\n<p><u>Balsavimo ra\u0161tu rezultatai:<\/u><\/p>\n<p>Gr\u0105\u017einta balsavimo biuleteni\u0173 \u2013 38 (76 % vis\u0173 but\u0173 ir kit\u0173 patalp\u0173 skai\u010diaus, balsavimas laikomas \u012fvykusiu);<\/p>\n<p>Pritariu \u2013 25 biuleteniai (50 % vis\u0173 but\u0173 ir kit\u0173 patalp\u0173 skai\u010diaus);<\/p>\n<p>Nepritariu \u2013 10 biuleteni\u0173 (20 % vis\u0173 but\u0173 ir kit\u0173 patalp\u0173 skai\u010diaus);<\/p>\n<p>Negaliojantys \u2013 3 biuleteniai (6 % vis\u0173 but\u0173 ir kit\u0173 patalp\u0173 skai\u010diaus);<\/p>\n<p>&nbsp;<\/p>\n<p>But\u0173 ir kit\u0173 patalp\u0173 savininkai balsuodami ra\u0161tu <strong>NEPATVIRTINO<\/strong> namo atnaujinimo (modernizavimo) investicij\u0173 plano, namo atnaujinimo (modernizavimo) projekto rengimo ir \u012fgyvendinimo s\u0105lyg\u0173 \u2013 nesurinktas pagal kvietimo s\u0105lygas privalomas minimalus 55 % pritarian\u010di\u0173 but\u0173 ir kit\u0173 patalp\u0173 skai\u010dius . Namas negali dalyvauti LR aplinkos ministerijos Aplinkos projekt\u0173 valdymo agent\u016bros (APVA) paskelbtame Daugiabu\u010di\u0173 nam\u0173 modernizavimo projekt\u0173 \u012fkainio kvietime Nr. DNM-AM-DNAM13;<\/p>\n<p>&nbsp;<\/p>\n","protected":false},"excerpt":{"rendered":"<p>&nbsp; Investicij\u0173 planas (bendra dalis)\u00a0 Investicij\u0173 planas (priemoni\u0173 paketai)\u00a0 &nbsp; 2026 kovo 27 dien\u0105 baig\u0117si but\u0173 ir kit\u0173 patalp\u0173 savinink\u0173 balsavimas ra\u0161tu d\u0117l namo atnaujinimo (modernizavimo) investicij\u0173 plano tvirtinimo, namo atnaujinimo (modernizavimo) projekto rengimo ir \u012fgyvendinimo s\u0105lyg\u0173. Balsavimo ra\u0161tu rezultatai: Gr\u0105\u017einta balsavimo biuleteni\u0173 \u2013 38 (76 % vis\u0173 but\u0173 ir kit\u0173 patalp\u0173 skai\u010diaus, balsavimas laikomas\u2026 <span class=\"read-more\"><a href=\"https:\/\/vilkuva.lt\/cms\/index.php\/renovacija-atnaujinimas\/85-2\/atnaujinamas-modernizuojamas-daugiabutis-birutes-g-6-vilkaviskis\/\">Skaityti toliau &raquo;<\/a><\/span><\/p>\n","protected":false},"author":1,"featured_media":0,"parent":85,"menu_order":0,"comment_status":"closed","ping_status":"closed","template":"page-templates\/full-width.php","meta":[],"_links":{"self":[{"href":"https:\/\/vilkuva.lt\/cms\/index.php\/wp-json\/wp\/v2\/pages\/1173"}],"collection":[{"href":"https:\/\/vilkuva.lt\/cms\/index.php\/wp-json\/wp\/v2\/pages"}],"about":[{"href":"https:\/\/vilkuva.lt\/cms\/index.php\/wp-json\/wp\/v2\/types\/page"}],"author":[{"embeddable":true,"href":"https:\/\/vilkuva.lt\/cms\/index.php\/wp-json\/wp\/v2\/users\/1"}],"replies":[{"embeddable":true,"href":"https:\/\/vilkuva.lt\/cms\/index.php\/wp-json\/wp\/v2\/comments?post=1173"}],"version-history":[{"count":3,"href":"https:\/\/vilkuva.lt\/cms\/index.php\/wp-json\/wp\/v2\/pages\/1173\/revisions"}],"predecessor-version":[{"id":1214,"href":"https:\/\/vilkuva.lt\/cms\/index.php\/wp-json\/wp\/v2\/pages\/1173\/revisions\/1214"}],"up":[{"embeddable":true,"href":"https:\/\/vilkuva.lt\/cms\/index.php\/wp-json\/wp\/v2\/pages\/85"}],"wp:attachment":[{"href":"https:\/\/vilkuva.lt\/cms\/index.php\/wp-json\/wp\/v2\/media?parent=1173"}],"curies":[{"name":"wp","href":"https:\/\/api.w.org\/{rel}","templated":true}]}}